{"id":8060,"date":"2025-01-30T17:19:52","date_gmt":"2025-01-30T14:19:52","guid":{"rendered":"https:\/\/instituutit.fi\/?page_id=8060"},"modified":"2025-01-31T12:04:26","modified_gmt":"2025-01-31T09:04:26","slug":"natverkets-verksamhet-stravar-efter-hallbar-internationalism","status":"publish","type":"page","link":"https:\/\/instituutit.fi\/sv\/natverkets-verksamhet-stravar-efter-hallbar-internationalism\/","title":{"rendered":"N\u00e4tverkets verksamhet str\u00e4var efter h\u00e5llbar internationalism"},"content":{"rendered":"<p>Institutn\u00e4tverkets modell f\u00f6r att bed\u00f6ma institutens genomslagskraft tas i bruk i b\u00f6rjan av 2025.<\/p>\n<p>N\u00e4tverkets m\u00e5l f\u00f6r genomslagskraften har i en gemensam intern process definierats som <b>h\u00e5llbar internationalism<\/b>.<\/p>\n<p>Syftet med den nya modellen f\u00f6r effektutv\u00e4rdering \u00e4r att komplettera den statistik som sedan 2017 samlats in f\u00f6r att p\u00e5visa verksamhetens genomslagskraft.<\/p>\n<p>Det teoretiska ramverket f\u00f6r effektutv\u00e4rderingen \u00e4r f\u00f6r\u00e4ndringsteori (Theory of Change). Institutens genomslagskraft utv\u00e4rderas i f\u00f6rh\u00e5llande till i vilken utstr\u00e4ckning de lyckas uppn\u00e5 de effekter som n\u00e4tverket har definierat som m\u00e5l, vilka \u00e4r definierade i enlighet med att n\u00e4tverkets aktiviteter, om de f\u00f6rverkligas, bidrar till de l\u00e5ngsiktiga m\u00e5len f\u00f6r social f\u00f6r\u00e4ndring och genomslagskraft.<\/p>\n<p><img loading=\"lazy\" decoding=\"async\" class=\"alignnone  wp-image-8056\" src=\"https:\/\/instituutit.fi\/hallinta\/wp-content\/uploads\/2025\/01\/ENG-9-SKTI-cloud-450x233.png\" alt=\"\" width=\"1004\" height=\"520\" srcset=\"https:\/\/instituutit.fi\/hallinta\/wp-content\/uploads\/2025\/01\/ENG-9-SKTI-cloud-450x233.png 450w, https:\/\/instituutit.fi\/hallinta\/wp-content\/uploads\/2025\/01\/ENG-9-SKTI-cloud-690x358.png 690w, https:\/\/instituutit.fi\/hallinta\/wp-content\/uploads\/2025\/01\/ENG-9-SKTI-cloud-768x398.png 768w, https:\/\/instituutit.fi\/hallinta\/wp-content\/uploads\/2025\/01\/ENG-9-SKTI-cloud-1536x796.png 1536w, https:\/\/instituutit.fi\/hallinta\/wp-content\/uploads\/2025\/01\/ENG-9-SKTI-cloud-2048x1062.png 2048w\" sizes=\"auto, (max-width: 1004px) 100vw, 1004px\" \/><\/p>\n<p>Genom insamling av effektdata fokuserar n\u00e4tverket i allt h\u00f6gre grad sin utv\u00e4rdering p\u00e5 effekterna av institutens arbete och aktiviteter p\u00e5 deras m\u00e5lgrupper, intressenter och samh\u00e4llet i stort. Effektdata samlas in genom fyra enk\u00e4ter riktade till institutens m\u00e5lgrupper: 1) Medarbetarunders\u00f6kning, 2) Partnerunders\u00f6kning, 3) Publikunders\u00f6kning, 4) Institutens sj\u00e4lvutv\u00e4rdering. De insamlade uppgifterna kompletteras med uppf\u00f6ljningsunders\u00f6kningar och intervjuer.<\/p>\n<p><b>Utarbetandet av modellen f\u00f6r utv\u00e4rdering av genomslagskraft har varit en l\u00e5ng utvecklingsprocess<\/b><\/p>\n<p>Kulturinstitutens genomslagskraft har tidigare utv\u00e4rderats i rapporten \u201dVienti\u00e4, vaihtoa, vaikuttavuutta: Selvitys kulttuuri- ja tiedeinstituuttien merkityksest\u00e4 Suomelle\u201d (Cupore, 2012) och i rapporten \u201dMit\u00e4 olisi, jos kulttuuri- instituutteja ei olisi? \u2013 Selvitys Suomen kulttuuri-instituuttien vaikuttavuudesta\u201d (Miltton, 2023).<\/p>\n<p>Vetenskapsinstitutens genomslagskraft har tidigare behandlats i undervisnings- och kulturministeriets publikation \u201dTieteelle tarkoitettujen rahapelitoiminnan voittovarojen k\u00e4yt\u00f6n arviointi\u201d (2018).<\/p>\n<p>Baserat p\u00e5 rekommendationerna i rapporterna inledde Finlands kultur- och vetenskapsinstitut rf (SKTI) 2022 arbetet med att utveckla en modell f\u00f6r insamling av data om n\u00e4tverkets genomslagskraft.<\/p>\n<p>Under 2023 genomf\u00f6rde SKTI, i samarbete med Sini Rinne-Kerridge, konsult vid National Council for Voluntary Organisations (NCVO), en serie workshops om f\u00f6r\u00e4ndringsteori f\u00f6r hela institutn\u00e4tverket. Syftet var att ta fram ett gemensamt effektm\u00e5l f\u00f6r hela n\u00e4tverket och att definiera de \u00f6nskade effekterna. Minst en representant fr\u00e5n varje institut deltog i workshopparna.<\/p>\n<p>Teman f\u00f6r workshopparna var:<\/p>\n<ul>\n<li aria-level=\"1\">Systemf\u00f6r\u00e4ndring och f\u00f6r\u00e4ndringsteori (Systems change and Theory of Change)<\/li>\n<li aria-level=\"1\">Resultat och m\u00e5lgrupper (Outcomes and audiences)<\/li>\n<li aria-level=\"1\">Prioritering och antaganden (Priorisation and assumptions)<\/li>\n<li aria-level=\"1\">M\u00e4tning (Measuring)<\/li>\n<\/ul>\n<p>Arbetet resulterade i en gemensam f\u00f6r\u00e4ndringsteorikarta och ett narrativ som beskriver stegen och m\u00e5len i processen f\u00f6r att utveckla modellen f\u00f6r genomslagskraft.<\/p>\n<p>Workshopserien avslutades i slutet av 2023. D\u00e4refter skapades den faktiska utv\u00e4rderingsmodellen, dvs. effektindikatorer, fr\u00e5gor och fr\u00e5geformul\u00e4r f\u00f6r instituten f\u00f6r att samla in effektdata. Som ett pilotprojekt anv\u00e4ndes fr\u00e5geformul\u00e4ren under h\u00f6sten 2024 i det f\u00f6r 10 institut gemensamma projektet pARTir.<\/p>\n<p>I b\u00f6rjan av 2025 kommer fr\u00e5geformul\u00e4ren att rullas ut till alla institut. Den effektdata som samlas in genom enk\u00e4terna kommer att analyseras b\u00e5de p\u00e5 institutniv\u00e5 inom instituten som en del av institutens eget utvecklingsarbete, och p\u00e5 n\u00e4tverksniv\u00e5 av SKTI.<\/p>\n<h2>Referenser:<\/h2>\n<p>\u201dMit\u00e4 olisi, jos kulttuuri-instituutteja ei olisi? Selvitys Suomen kulttuuri-instituuttien vaikuttavuudesta\u201d, Miltton 2023. <a href=\"https:\/\/valtioneuvosto.fi\/hanke?tunnus=OKM018:00\/2023\">https:\/\/valtioneuvosto.fi\/hanke?tunnus=OKM018:00\/2023<\/a> <a href=\"https:\/\/valtioneuvosto.fi\/-\/1410845\/selvitys-suomen-kulttuuri-instituuttien-vaikuttavuudesta-valmistunut\">https:\/\/valtioneuvosto.fi\/-\/1410845\/selvitys-suomen-kulttuuri-instituuttien- vaikuttavuudesta-valmistunut<\/a><\/p>\n<p>\u201dVienti\u00e4, vaihtoa, vaikuttavuutta: Selvitys kulttuuri- ja tiedeinstituuttien merkityksest\u00e4 Suomelle\u201d, Cupore 2012, Saukkonen, Pasi; Mitchell, Ritva; Kontkanen, Riitta <a href=\"https:\/\/www.cupore.fi\/julkaisut\/vientia-vaihtoa-vaikuttavuutta-selvitys-kulttuuri-ja-tiedeinstituuttien-merkityksesta-suomelle\/\">https:\/\/www.cupore.fi\/julkaisut\/vientia-vaihtoa-vaikuttavuutta-selvitys-kulttuuri-ja- tiedeinstituuttien-merkityksesta-suomelle\/<\/a><\/p>\n<p>\u201dTieteelle tarkoitettujen rahapelitoiminnan voittovarojen k\u00e4yt\u00f6n arviointi \u201d, Opetus- ja kulttuuriministeri\u00f6n julkaisuja 2018:9, Raivio, Tuomas; Sepponen, Susanna; Pessala, Piia; Vaahtera, Anu; Hjelt, Mari <a href=\"https:\/\/julkaisut.valtioneuvosto.fi\/handle\/10024\/160537\">https:\/\/julkaisut.valtioneuvosto.fi\/handle\/10024\/160537<\/a><\/p>\n<p>National Council for Voluntary Organisations (NCVO)<br \/>\n<a href=\"https:\/\/www.ncvo.org.uk\/\">https:\/\/www.ncvo.org.uk\/<\/a><\/p>\n","protected":false},"excerpt":{"rendered":"<p>Institutn\u00e4tverkets modell f\u00f6r att bed\u00f6ma institutens genomslagskraft tas i bruk i b\u00f6rjan av 2025. N\u00e4tverkets m\u00e5l f\u00f6r genomslagskraften har i en gemensam intern process definierats som h\u00e5llbar internationalism. Syftet med den nya modellen f\u00f6r effektutv\u00e4rdering \u00e4r att komplettera den statistik som sedan 2017 samlats in f\u00f6r att p\u00e5visa verksamhetens genomslagskraft. Det teoretiska ramverket f\u00f6r effektutv\u00e4rderingen [&hellip;]<\/p>\n","protected":false},"author":9,"featured_media":0,"parent":0,"menu_order":0,"comment_status":"closed","ping_status":"closed","template":"","meta":{"_acf_changed":false,"footnotes":""},"class_list":["post-8060","page","type-page","status-publish","hentry"],"acf":[],"_links":{"self":[{"href":"https:\/\/instituutit.fi\/sv\/wp-json\/wp\/v2\/pages\/8060","targetHints":{"allow":["GET"]}}],"collection":[{"href":"https:\/\/instituutit.fi\/sv\/wp-json\/wp\/v2\/pages"}],"about":[{"href":"https:\/\/instituutit.fi\/sv\/wp-json\/wp\/v2\/types\/page"}],"author":[{"embeddable":true,"href":"https:\/\/instituutit.fi\/sv\/wp-json\/wp\/v2\/users\/9"}],"replies":[{"embeddable":true,"href":"https:\/\/instituutit.fi\/sv\/wp-json\/wp\/v2\/comments?post=8060"}],"version-history":[{"count":3,"href":"https:\/\/instituutit.fi\/sv\/wp-json\/wp\/v2\/pages\/8060\/revisions"}],"predecessor-version":[{"id":8064,"href":"https:\/\/instituutit.fi\/sv\/wp-json\/wp\/v2\/pages\/8060\/revisions\/8064"}],"wp:attachment":[{"href":"https:\/\/instituutit.fi\/sv\/wp-json\/wp\/v2\/media?parent=8060"}],"curies":[{"name":"wp","href":"https:\/\/api.w.org\/{rel}","templated":true}]}}