{"id":7905,"date":"2024-11-18T16:09:44","date_gmt":"2024-11-18T13:09:44","guid":{"rendered":"https:\/\/instituutit.fi\/?page_id=7905"},"modified":"2024-11-18T16:09:45","modified_gmt":"2024-11-18T13:09:45","slug":"something-like-this","status":"publish","type":"page","link":"https:\/\/instituutit.fi\/sv\/partir\/projektit\/something-like-this\/","title":{"rendered":"something like this"},"content":{"rendered":"<h1>something like this<\/h1>\n<p><strong>something like this\u00a0<\/strong><br \/>\n<strong>25 maj 2024 kl. 19.30<\/strong><br \/>\n<strong>p\u00e5 JUNE EVENTS festival<\/strong><br \/>\n<strong>Paris, Frankrike<\/strong><\/p>\n<p>something like this \u00e4r en f\u00f6rest\u00e4llning om streetdance och hiphopkultur skapad av den kamerunsk-finska koreografen Sonya Lindfors f\u00f6r publik i alla \u00e5ldrar. F\u00f6rest\u00e4llningen, som st\u00f6ds av Finlandsinstitutet i Frankrike, har premi\u00e4r i Frankrike 25.5.2024 p\u00e5 dansfestivalen JUNE EVENTS.<\/p>\n<p>I f\u00f6rest\u00e4llningen somehting like this m\u00f6ts fyra dansare (Akim Bakhtaoui, Linda Ilves, Ramona Panula och Sophia Wekesa) fr\u00e5n olika bakgrunder p\u00e5 scenen. De ber\u00e4ttar historier och har roligt genom dans &#8211; tillsammans! Scenen fungerar som en plattform f\u00f6r att ta \u00f6ver utrymme, dela med sig och st\u00e4rka sin egenmakt. M\u00f6tet byggs upp framf\u00f6r \u00e5sk\u00e5darnas \u00f6gon, och verket fr\u00e5gar sig: Hur ska f\u00f6rest\u00e4llningen ses eller upplevas? Hur r\u00f6r sig dans fr\u00e5n en kropp till en annan? Vad \u00e4r det som kan kommuniceras genom dans och r\u00f6relse?<\/p>\n<p>Sonya Lindfors skriver sj\u00e4lv: \u201dJag dr\u00f6mde om att skapa en f\u00f6rest\u00e4llning som jag sj\u00e4lv skulle ha velat uppleva som ung. N\u00e5got som jag sj\u00e4lv skulle ha beh\u00f6vt. En brokig grupp dansare med olika bakgrund, som alla dansar p\u00e5 sitt eget s\u00e4tt, som alla lyser upp som sina egna unika jag. De uppmuntrar varandra, har roligt men v\u00e5gar ocks\u00e5 vara sig sj\u00e4lva.\u201d<\/p>\n<p>JUNE EVENTS arrangeras av Atelier de Paris och \u00e4ger rum 22 maj &#8211; 8 juni 2024. Se hela festivalprogrammet h\u00e4r.<\/p>\n<p>Projektet \u00e4r en del av pARTir, som finansieras av Europeiska unionen &#8211; NextGenerationEU.<\/p>\n<p><img loading=\"lazy\" decoding=\"async\" class=\"alignnone size-medium wp-image-7901\" src=\"https:\/\/instituutit.fi\/hallinta\/wp-content\/uploads\/2024\/11\/SV_FundedbytheEU_RGB_POS-450x100.png\" alt=\"\" width=\"450\" height=\"100\" srcset=\"https:\/\/instituutit.fi\/hallinta\/wp-content\/uploads\/2024\/11\/SV_FundedbytheEU_RGB_POS-450x100.png 450w, https:\/\/instituutit.fi\/hallinta\/wp-content\/uploads\/2024\/11\/SV_FundedbytheEU_RGB_POS-690x153.png 690w, https:\/\/instituutit.fi\/hallinta\/wp-content\/uploads\/2024\/11\/SV_FundedbytheEU_RGB_POS-768x170.png 768w, https:\/\/instituutit.fi\/hallinta\/wp-content\/uploads\/2024\/11\/SV_FundedbytheEU_RGB_POS-1536x341.png 1536w, https:\/\/instituutit.fi\/hallinta\/wp-content\/uploads\/2024\/11\/SV_FundedbytheEU_RGB_POS-2048x454.png 2048w\" sizes=\"auto, (max-width: 450px) 100vw, 450px\" \/><\/p>\n","protected":false},"excerpt":{"rendered":"<p>something like this something like this\u00a0 25 maj 2024 kl. 19.30 p\u00e5 JUNE EVENTS festival Paris, Frankrike something like this \u00e4r en f\u00f6rest\u00e4llning om streetdance och hiphopkultur skapad av den kamerunsk-finska koreografen Sonya Lindfors f\u00f6r publik i alla \u00e5ldrar. F\u00f6rest\u00e4llningen, som st\u00f6ds av Finlandsinstitutet i Frankrike, har premi\u00e4r i Frankrike 25.5.2024 p\u00e5 dansfestivalen JUNE EVENTS. [&hellip;]<\/p>\n","protected":false},"author":9,"featured_media":7032,"parent":7626,"menu_order":0,"comment_status":"closed","ping_status":"closed","template":"page-partir.php","meta":{"_acf_changed":false,"footnotes":""},"class_list":["post-7905","page","type-page","status-publish","has-post-thumbnail","hentry"],"acf":[],"_links":{"self":[{"href":"https:\/\/instituutit.fi\/sv\/wp-json\/wp\/v2\/pages\/7905","targetHints":{"allow":["GET"]}}],"collection":[{"href":"https:\/\/instituutit.fi\/sv\/wp-json\/wp\/v2\/pages"}],"about":[{"href":"https:\/\/instituutit.fi\/sv\/wp-json\/wp\/v2\/types\/page"}],"author":[{"embeddable":true,"href":"https:\/\/instituutit.fi\/sv\/wp-json\/wp\/v2\/users\/9"}],"replies":[{"embeddable":true,"href":"https:\/\/instituutit.fi\/sv\/wp-json\/wp\/v2\/comments?post=7905"}],"version-history":[{"count":1,"href":"https:\/\/instituutit.fi\/sv\/wp-json\/wp\/v2\/pages\/7905\/revisions"}],"predecessor-version":[{"id":7906,"href":"https:\/\/instituutit.fi\/sv\/wp-json\/wp\/v2\/pages\/7905\/revisions\/7906"}],"up":[{"embeddable":true,"href":"https:\/\/instituutit.fi\/sv\/wp-json\/wp\/v2\/pages\/7626"}],"wp:featuredmedia":[{"embeddable":true,"href":"https:\/\/instituutit.fi\/sv\/wp-json\/wp\/v2\/media\/7032"}],"wp:attachment":[{"href":"https:\/\/instituutit.fi\/sv\/wp-json\/wp\/v2\/media?parent=7905"}],"curies":[{"name":"wp","href":"https:\/\/api.w.org\/{rel}","templated":true}]}}