{"id":7895,"date":"2024-11-18T15:41:21","date_gmt":"2024-11-18T12:41:21","guid":{"rendered":"https:\/\/instituutit.fi\/?page_id=7895"},"modified":"2024-11-18T15:46:02","modified_gmt":"2024-11-18T12:46:02","slug":"ensemble-block-party","status":"publish","type":"page","link":"https:\/\/instituutit.fi\/sv\/partir\/projektit\/ensemble-block-party\/","title":{"rendered":"Ensemble ! Block Party"},"content":{"rendered":"<h1>Ensemble ! Block Party<\/h1>\n<p>Ensemble ! Block Party<br \/>\n30.5.2024 kl 18:30<br \/>\nGratis intr\u00e4de, Rue du Sommerard 33, Paris<\/p>\n<p>Torsdagen den 30 maj tas Rue du Sommerard \u00f6ver f\u00f6r ett exklusivt Block Party!<\/p>\n<p>Block Party f\u00f6r med sig festen ut p\u00e5 gatan. Evenemanget bjuder p\u00e5 streetdancet\u00e4vlingar, eller battles, och upptr\u00e4danden av finska och franska dansare, DJ-set och ett utomhusdansgolv. Alla \u00e4r v\u00e4lkomna att delta!<\/p>\n<p>Evenemanget \u00e4r en del av Ensemble ! -programmet, som firar de olympiska och paralympiska spelen i Paris 2024 genom att lyfta fram temat sammanh\u00e5llning. I \u00e5r har en form av streetdance &#8211; breakdance &#8211; officialiserats som en olympisk sport, och f\u00f6r att fira detta anordnas ett streetdansevenemang med experter p\u00e5 omr\u00e5det. Syftet med evenemanget \u00e4r att f\u00f6ra m\u00e4nniskor samman genom att bjuda in dem att uppt\u00e4cka dans p\u00e5 ett avslappnat och roligt s\u00e4tt.<\/p>\n<p>Projektet \u00e4r en del av pARTir, som finansieras av Europeiska unionen &#8211; NextGenerationEU.<\/p>\n<p><img loading=\"lazy\" decoding=\"async\" class=\"alignnone size-medium wp-image-7901\" src=\"https:\/\/instituutit.fi\/hallinta\/wp-content\/uploads\/2024\/11\/SV_FundedbytheEU_RGB_POS-450x100.png\" alt=\"\" width=\"450\" height=\"100\" srcset=\"https:\/\/instituutit.fi\/hallinta\/wp-content\/uploads\/2024\/11\/SV_FundedbytheEU_RGB_POS-450x100.png 450w, https:\/\/instituutit.fi\/hallinta\/wp-content\/uploads\/2024\/11\/SV_FundedbytheEU_RGB_POS-690x153.png 690w, https:\/\/instituutit.fi\/hallinta\/wp-content\/uploads\/2024\/11\/SV_FundedbytheEU_RGB_POS-768x170.png 768w, https:\/\/instituutit.fi\/hallinta\/wp-content\/uploads\/2024\/11\/SV_FundedbytheEU_RGB_POS-1536x341.png 1536w, https:\/\/instituutit.fi\/hallinta\/wp-content\/uploads\/2024\/11\/SV_FundedbytheEU_RGB_POS-2048x454.png 2048w\" sizes=\"auto, (max-width: 450px) 100vw, 450px\" \/><\/p>\n<p>&nbsp;<\/p>\n","protected":false},"excerpt":{"rendered":"<p>Ensemble ! Block Party Ensemble ! Block Party 30.5.2024 kl 18:30 Gratis intr\u00e4de, Rue du Sommerard 33, Paris Torsdagen den 30 maj tas Rue du Sommerard \u00f6ver f\u00f6r ett exklusivt Block Party! Block Party f\u00f6r med sig festen ut p\u00e5 gatan. Evenemanget bjuder p\u00e5 streetdancet\u00e4vlingar, eller battles, och upptr\u00e4danden av finska och franska dansare, DJ-set [&hellip;]<\/p>\n","protected":false},"author":9,"featured_media":7014,"parent":7626,"menu_order":0,"comment_status":"closed","ping_status":"closed","template":"page-partir-alasivut.php","meta":{"_acf_changed":false,"footnotes":""},"class_list":["post-7895","page","type-page","status-publish","has-post-thumbnail","hentry"],"acf":[],"_links":{"self":[{"href":"https:\/\/instituutit.fi\/sv\/wp-json\/wp\/v2\/pages\/7895","targetHints":{"allow":["GET"]}}],"collection":[{"href":"https:\/\/instituutit.fi\/sv\/wp-json\/wp\/v2\/pages"}],"about":[{"href":"https:\/\/instituutit.fi\/sv\/wp-json\/wp\/v2\/types\/page"}],"author":[{"embeddable":true,"href":"https:\/\/instituutit.fi\/sv\/wp-json\/wp\/v2\/users\/9"}],"replies":[{"embeddable":true,"href":"https:\/\/instituutit.fi\/sv\/wp-json\/wp\/v2\/comments?post=7895"}],"version-history":[{"count":3,"href":"https:\/\/instituutit.fi\/sv\/wp-json\/wp\/v2\/pages\/7895\/revisions"}],"predecessor-version":[{"id":7904,"href":"https:\/\/instituutit.fi\/sv\/wp-json\/wp\/v2\/pages\/7895\/revisions\/7904"}],"up":[{"embeddable":true,"href":"https:\/\/instituutit.fi\/sv\/wp-json\/wp\/v2\/pages\/7626"}],"wp:featuredmedia":[{"embeddable":true,"href":"https:\/\/instituutit.fi\/sv\/wp-json\/wp\/v2\/media\/7014"}],"wp:attachment":[{"href":"https:\/\/instituutit.fi\/sv\/wp-json\/wp\/v2\/media?parent=7895"}],"curies":[{"name":"wp","href":"https:\/\/api.w.org\/{rel}","templated":true}]}}