{"id":7782,"date":"2024-10-28T15:58:25","date_gmt":"2024-10-28T12:58:25","guid":{"rendered":"https:\/\/instituutit.fi\/?page_id=7782"},"modified":"2024-10-28T15:58:25","modified_gmt":"2024-10-28T12:58:25","slug":"ekoguide-for-finlands-kultur-och-vetenskapsinstitut-2","status":"publish","type":"page","link":"https:\/\/instituutit.fi\/sv\/ekoguide-for-finlands-kultur-och-vetenskapsinstitut-2\/","title":{"rendered":"Ekoguide f\u00f6r Finlands Kultur- och Vetenskapsinstitut"},"content":{"rendered":"<p>Denna ekoguide har tagits fram av Finlands kultur- och vetenskapsinstitut rf (SKTI), som \u00e4r samarbetsorganisation f\u00f6r Finlands 17 kultur- och vetenskapsinstitut runtom i v\u00e4rlden.<\/p>\n<p>Med guiden hoppas vi underl\u00e4tta institutens arbete med att g\u00f6ra mera h\u00e5llbara beslut, vilket i sin tur minskar v\u00e5rt koldioxidavtryck. Instituten ombeds delge guiden till sina anst\u00e4llda och anv\u00e4nda dess inneh\u00e5ll som en allm\u00e4n p\u00e5minnelse vid beslut som ber\u00f6r v\u00e5r omgivning.<\/p>\n<p>De h\u00e4r riktgivande r\u00e5den har baserats p\u00e5 den kartl\u00e4ggning av praxis som institutn\u00e4tverket har gjort i sin interna arbetsgrupp f\u00f6r ekologisk verksamhet. I flera av v\u00e5ra diskussioner, och i denna guide, har vi inspirerats av HIAP och Mustarindas samarbetsprojekt <a href=\"https:\/\/www.hiap.fi\/pofo\/\">Post-fossil transition<\/a>.<\/p>\n<p>&nbsp;<\/p>\n<p><b>Mat och dryck<\/b><\/p>\n<p><b>Erbjud v\u00e4xtbaserade mat- och dryckalternativ. <\/b>Undvik k\u00f6tt- och mejeriprodukter. F\u00f6r att garantera en god smakupplevelse, v\u00e4lj en leverant\u00f6r med erfarenhet av att tillaga vegetarisk eller vegansk mat.<\/p>\n<p><b>V\u00e4lj lokalproducerade, ekologiska och milj\u00f6certifierade r\u00e5varor d\u00e5 det \u00e4r m\u00f6jligt.<\/b> Unders\u00f6k utbudet av och prioritera lokalt producerade r\u00e5varor. Var uppm\u00e4rksam p\u00e5 varans ekologiska fotavtryck.<\/p>\n<p><b>Minimera matsvinnet. <\/b>Planera menyerna i f\u00f6rv\u00e4g och k\u00f6p inte mera \u00e4n vad som beh\u00f6vs. Frys in eller anv\u00e4nd eventuella rester. G\u00e5 regelbundet igenom b\u00e4st f\u00f6re-datumen p\u00e5 produkter i personalk\u00f6ket. Koka inte mera kaffe \u00e4n n\u00f6dv\u00e4ndigt.<\/p>\n<p><b>Specialdieter.<\/b> Servera vegansk och glutenfri mat f\u00f6r att undvika behovet av att beakta specialdieter.<\/p>\n<p><b>Ekologiska drycker.<\/b> Det finns ett stort urval ekologiska viner, mousserande viner och \u00f6l p\u00e5 marknaden. Bjud p\u00e5 och anv\u00e4nd kranvatten i st\u00e4llet f\u00f6r buteljerat vatten alltid d\u00e5 det \u00e4r m\u00f6jligt.<\/p>\n<p><b>Restaurangbes\u00f6k.<\/b> Var medveten om ditt val av restaurang och v\u00e4lj g\u00e4rna en som \u00e4r inriktad p\u00e5 noll avfall, vegetarisk kost eller erbjuder ekologiska och n\u00e4rproducerade r\u00e5varor.<\/p>\n<p>&nbsp;<\/p>\n<p><b>Resor<\/b><\/p>\n<p><b>Res mindre.<\/b> \u00d6verv\u00e4g noga om en resa \u00e4r n\u00f6dv\u00e4ndig eller om dess m\u00e5l kan uppn\u00e5s p\u00e5 distans.<\/p>\n<p><b>Undvik flygresor om m\u00f6jligt. <\/b>Uppmuntra och m\u00f6jligg\u00f6r f\u00f6r institutets personal och g\u00e4ster att resa med mark- och havsbundna alternativ. Erbjud hj\u00e4lp vid planeringen av resor f\u00f6r g\u00e4ster och till\u00e5t personalen att anv\u00e4nda arbetstid f\u00f6r resor och planeringen av dessa.<\/p>\n<p><b>Gynna lokala tj\u00e4nsteleverant\u00f6rer. <\/b>Minska resandet genom samarbeten med lokala tj\u00e4nsteleverant\u00f6rer, till exempel projekttekniker.<\/p>\n<p><b>Kompensera.<\/b> I fall d\u00e4r resor inte kan undvikas, kompensera f\u00f6r utsl\u00e4ppen d\u00e5 det \u00e4r m\u00f6jligt.<\/p>\n<p><b>Samarbeta. <\/b>Anv\u00e4nd dina n\u00e4tverk och dela p\u00e5 resurser. Fundera hur du kan optimera dina resurser genom samarbete med lokala samarbetspartners, eller t.ex. genom att samarbeta med organisationer l\u00e4ngs den resrutt som institutets g\u00e4st tar f\u00f6r att maximera nyttan med en resa. Anv\u00e4nd ditt finska n\u00e4tverk, inklusive SKTI, f\u00f6r att organisera praktiska saker i Finland.<\/p>\n<p>&nbsp;<\/p>\n<p><b>Minimera anv\u00e4ndningen av allt material<\/b><\/p>\n<p><b>Minimera allt avfall.<\/b> \u00c5tervinn allt kontorsmaterial och det avfall som uppkommer vid evenemang. K\u00f6p bara det som \u00e4r n\u00f6dv\u00e4ndigt och v\u00e4lj d\u00e5 produkter som \u00e4r \u00e5tervunna eller h\u00e5llbart och etiskt tillverkade. L\u00e5na, hyr och dela p\u00e5 resurser d\u00e5 det \u00e4r m\u00f6jligt.<\/p>\n<p><b>Minimera allt tryckmaterial.<\/b> Producera m\u00f6tes- och evenemangsdokument fr\u00e4mst digitalt och be deltagare att ha med sig materialet elektroniskt. K\u00f6p FSC-m\u00e4rkta pappersprodukter.<\/p>\n<p><b>Undvik skadliga kemikalier.<\/b> Unders\u00f6k er st\u00e4dfirmas ekologiska v\u00e4rderingar. Anv\u00e4nd naturliga eller ekologiskt certifierade st\u00e4dprodukter.<\/p>\n<p><b>Spara energi.<\/b>. Unders\u00f6k om ni eller er hyresv\u00e4rd kan byta till ett smart v\u00e4rmesystem och k\u00f6pa f\u00f6rnybar energi i form av vind-, vatten eller solkraft. Sl\u00e4ck lamporna och st\u00e4ng av elektroniska apparater d\u00e5 ingen \u00e4r p\u00e5 kontoret. Spara vatten.<\/p>\n<p>&nbsp;<\/p>\n<p><b>Ifr\u00e5gas\u00e4tt och reformera strukturer<\/b><\/p>\n<p><b>F\u00f6respr\u00e5ka h\u00e5llbara l\u00f6sningar.<\/b> Samarbeta med lokala organisationer och arbetsgrupper som str\u00e4var mot ett paradigmskifte inom energif\u00f6rbrukning. Ta i beaktande hur era evenemang kan skapa f\u00f6r\u00e4ndringar i infrastrukturen kring \u00f6veranv\u00e4ndning av energi och naturtillg\u00e5ngar.<\/p>\n<p><b>Kr\u00e4v mera av dig sj\u00e4lv \u00e4n av individuella konstn\u00e4rer. <\/b>Ta hela organisationen i beaktande vid planeringen av stora projekt som tangerar milj\u00f6fr\u00e5gor, kr\u00e4v inte det bara av de inbjudna konstn\u00e4rerna. De flesta utsl\u00e4ppen h\u00e4rstammar fr\u00e5n institutionella och strukturella praktiker.<\/p>\n<p><b>Less is more. <\/b>V\u00e4lj kvalitet framom kvantitet.<\/p>\n<p><b>Utbilda och motivera. <\/b>H\u00e5ll institutets personal uppdaterad om varf\u00f6r det \u00e4r kritiskt att radikalt f\u00f6rminska klimatutsl\u00e4pp.<\/p>\n<p><b>Arbeta f\u00f6r kontinuitet. <\/b>Milj\u00f6fr\u00e5gor inom konst \u00e4r ingen tillf\u00e4llig trend, utan se det som permanenta strukturella f\u00f6r\u00e4ndringar som genomsyrar hela samh\u00e4llet.<\/p>\n","protected":false},"excerpt":{"rendered":"<p>Denna ekoguide har tagits fram av Finlands kultur- och vetenskapsinstitut rf (SKTI), som \u00e4r samarbetsorganisation f\u00f6r Finlands 17 kultur- och vetenskapsinstitut runtom i v\u00e4rlden. Med guiden hoppas vi underl\u00e4tta institutens arbete med att g\u00f6ra mera h\u00e5llbara beslut, vilket i sin tur minskar v\u00e5rt koldioxidavtryck. Instituten ombeds delge guiden till sina anst\u00e4llda och anv\u00e4nda dess inneh\u00e5ll [&hellip;]<\/p>\n","protected":false},"author":11,"featured_media":0,"parent":0,"menu_order":0,"comment_status":"closed","ping_status":"closed","template":"","meta":{"_acf_changed":false,"footnotes":""},"class_list":["post-7782","page","type-page","status-publish","hentry"],"acf":[],"_links":{"self":[{"href":"https:\/\/instituutit.fi\/sv\/wp-json\/wp\/v2\/pages\/7782","targetHints":{"allow":["GET"]}}],"collection":[{"href":"https:\/\/instituutit.fi\/sv\/wp-json\/wp\/v2\/pages"}],"about":[{"href":"https:\/\/instituutit.fi\/sv\/wp-json\/wp\/v2\/types\/page"}],"author":[{"embeddable":true,"href":"https:\/\/instituutit.fi\/sv\/wp-json\/wp\/v2\/users\/11"}],"replies":[{"embeddable":true,"href":"https:\/\/instituutit.fi\/sv\/wp-json\/wp\/v2\/comments?post=7782"}],"version-history":[{"count":1,"href":"https:\/\/instituutit.fi\/sv\/wp-json\/wp\/v2\/pages\/7782\/revisions"}],"predecessor-version":[{"id":7783,"href":"https:\/\/instituutit.fi\/sv\/wp-json\/wp\/v2\/pages\/7782\/revisions\/7783"}],"wp:attachment":[{"href":"https:\/\/instituutit.fi\/sv\/wp-json\/wp\/v2\/media?parent=7782"}],"curies":[{"name":"wp","href":"https:\/\/api.w.org\/{rel}","templated":true}]}}