{"id":7626,"date":"2024-04-16T13:58:04","date_gmt":"2024-04-16T10:58:04","guid":{"rendered":"https:\/\/instituutit.fi\/partir\/projektit\/"},"modified":"2024-09-19T15:05:58","modified_gmt":"2024-09-19T12:05:58","slug":"projektit","status":"publish","type":"page","link":"https:\/\/instituutit.fi\/sv\/partir\/projektit\/","title":{"rendered":"Projekten"},"content":{"rendered":"<h1>pARTir-projekten<\/h1>\n<p>H\u00e4r hittar du projekten som genomf\u00f6rs av de finska kultur- och vetenskapsinstituten runt om i v\u00e4rlden som en del av pARTir-projektet. Projekten p\u00e5g\u00e5r fr\u00e5n maj 2024 till augusti 2025.<\/p>\n","protected":false},"excerpt":{"rendered":"<p>pARTir-projekten H\u00e4r hittar du projekten som genomf\u00f6rs av de finska kultur- och vetenskapsinstituten runt om i v\u00e4rlden som en del av pARTir-projektet. Projekten p\u00e5g\u00e5r fr\u00e5n maj 2024 till augusti 2025.<\/p>\n","protected":false},"author":1,"featured_media":0,"parent":7616,"menu_order":0,"comment_status":"closed","ping_status":"closed","template":"page-partir-alasivut.php","meta":{"_acf_changed":false,"footnotes":""},"class_list":["post-7626","page","type-page","status-publish","hentry"],"acf":[],"_links":{"self":[{"href":"https:\/\/instituutit.fi\/sv\/wp-json\/wp\/v2\/pages\/7626","targetHints":{"allow":["GET"]}}],"collection":[{"href":"https:\/\/instituutit.fi\/sv\/wp-json\/wp\/v2\/pages"}],"about":[{"href":"https:\/\/instituutit.fi\/sv\/wp-json\/wp\/v2\/types\/page"}],"author":[{"embeddable":true,"href":"https:\/\/instituutit.fi\/sv\/wp-json\/wp\/v2\/users\/1"}],"replies":[{"embeddable":true,"href":"https:\/\/instituutit.fi\/sv\/wp-json\/wp\/v2\/comments?post=7626"}],"version-history":[{"count":3,"href":"https:\/\/instituutit.fi\/sv\/wp-json\/wp\/v2\/pages\/7626\/revisions"}],"predecessor-version":[{"id":7631,"href":"https:\/\/instituutit.fi\/sv\/wp-json\/wp\/v2\/pages\/7626\/revisions\/7631"}],"up":[{"embeddable":true,"href":"https:\/\/instituutit.fi\/sv\/wp-json\/wp\/v2\/pages\/7616"}],"wp:attachment":[{"href":"https:\/\/instituutit.fi\/sv\/wp-json\/wp\/v2\/media?parent=7626"}],"curies":[{"name":"wp","href":"https:\/\/api.w.org\/{rel}","templated":true}]}}