{"id":7616,"date":"2024-04-16T13:54:56","date_gmt":"2024-04-16T10:54:56","guid":{"rendered":"https:\/\/instituutit.fi\/partir\/"},"modified":"2024-09-20T13:58:50","modified_gmt":"2024-09-20T10:58:50","slug":"partir","status":"publish","type":"page","link":"https:\/\/instituutit.fi\/sv\/partir\/","title":{"rendered":"Om pARTir"},"content":{"rendered":"<p><strong>PARTir &#8211; Creating a Cultural Roadmap Towards Responsible International Mobility \u00e4r ett samarbetsprojekt mellan Finlands kultur- och vetenskapsinstitut rf och tio finl\u00e4ndska kultur- och vetenskapsinstitut under 2024-2025. Projektet fr\u00e4mjar h\u00e5llbar och l\u00e5ngsiktig internationalisering av konstf\u00e4ltet genom cirka 30 konst- och kulturprojekt och en gemensam utveckling av h\u00e5llbara metoder f\u00f6r institutn\u00e4tverket. pARTir \u00e4r ett EU-finansierat NextGenerationEU-projekt.<\/strong><\/p>\n<p>Institutens gemensamma m\u00e5l \u00e4r att utveckla h\u00e5llbara metoder f\u00f6r internationellt konst- och kultursamarbete. I projektet st\u00e4rks internationalisering genom att f\u00f6rdjupa institutens partnerskap inom deras respektive verksamhetsomr\u00e5den. Internationaliseringens l\u00e5ngsiktiga h\u00e5llbarhet fr\u00e4mjas genom att investera i mentorskap och n\u00e4tverksm\u00f6jligheter f\u00f6r att st\u00e4rka de medverkande konstn\u00e4rernas och experternas n\u00e4tverk och expertis.<\/p>\n<p>F\u00f6rutom att skapa programverksamhet kommer projektet utveckla institutpersonalens h\u00e5llbarhetskunnande. Genom skolningar och workshops p\u00e5 temat ekologisk och social h\u00e5llbarhet skapas praktiska verktyg som instituten anv\u00e4nder sig av under projektets g\u00e5ng. Projektets genomslagskraft utv\u00e4rderas aktivt med hj\u00e4lp av skr\u00e4ddarsydda fr\u00e5geformul\u00e4r f\u00f6r de olika m\u00e5lgrupperna.<\/p>\n<p>De Finlands kultur- och vetenskapsinstitut som deltar i projektet \u00e4r <a href=\"https:\/\/finnagora.hu\/\">FinnAgora &#8211; Finlandsinstitutet i Ungern<\/a>, <a href=\"https:\/\/finncult.be\/fi\/instituutti\/\">Finlands Beneluxinstitut<\/a>, <a href=\"https:\/\/www.fininst.uk\/etusivu\/\">Finlandsinstitutet i Storbritannien och Irland<\/a>, <a href=\"https:\/\/finstitute.jp\/fi\/\">Finlands institut i Japan<\/a>, <a href=\"https:\/\/madrid.fi\/etusivu\/\">Finlandsinstitutet i Madrid<\/a>, <a href=\"https:\/\/fciny.org\/suomeksi\">Finlands kulturinstitut i New York<\/a>, <a href=\"https:\/\/finno.no\/\">Finsk-norsk kulturinstitut FINNO<\/a>, <a href=\"https:\/\/www.institut-finlandais.fr\/\">Finlands institut i Frankrike<\/a>, <a href=\"https:\/\/finnland-institut.de\/fi\/\">Finlandsinstitutet i Tyskland<\/a> och <a href=\"https:\/\/finst.ee\/fi\/\">Finlands institut i Estland<\/a>.<\/p>\n<p>Partnerinstituten organiserar PARTir-projekt 24.5.2024\u201330.8.2025. Dessa inkluderar f\u00f6rest\u00e4llningar, residens, utst\u00e4llningar och workshops. En sammanfattning av projekten finns p\u00e5 projektets <a href=\"https:\/\/instituutit.fi\/sv\/partir\/projektit\/\">programsida<\/a>, som uppdateras allteftersom projektet fortskrider.<\/p>\n<p>Under <a href=\"https:\/\/instituutit.fi\/sv\/category\/partir-nyheter\/\">nyhetsbalken<\/a> kan du l\u00e4sa mer om pARTir-projekten, exempelvis i intervjuformat.<\/p>\n<p>F\u00f6lj projektet p\u00e5 Finlands kultur- och vetenskapsinstitut rfs kanaler:<br \/>\n<a href=\"https:\/\/instituutit.fi\/sv\/bestall-nyhetsbrev\/\">Prenumerera p\u00e5 SKTI:s nyhetsbrev<\/a> (p\u00e5 finska)<br \/>\n<a href=\"https:\/\/www.instagram.com\/instituutit\/\">Instagram<\/a><br \/>\n<a href=\"https:\/\/www.facebook.com\/instituutit\/\">Facebook<\/a><\/p>\n<p>Asta Ter\u00e4v\u00e4inen, projektledare<br \/>\nasta.teravainen@instituutit.fi<br \/>\n+358 40 7666480<\/p>\n<p>Uula Neitola, kommunikationschef<br \/>\nuula.neitola@instituutit.fi<br \/>\n+358 40 732 4344<\/p>\n<p><img loading=\"lazy\" decoding=\"async\" class=\"alignnone size-medium wp-image-7021\" src=\"https:\/\/instituutit.fi\/hallinta\/wp-content\/uploads\/2024\/05\/EU_disclaimer_kestavakasvu_FI-black-690x182-1-450x119.png\" alt=\"\" width=\"450\" height=\"119\" \/><\/p>\n<div id='gallery-1' class='gallery galleryid-7616 gallery-columns-3 gallery-size-thumbnail'><figure class='gallery-item'>\n\t\t\t<div class='gallery-icon landscape'>\n\t\t\t\t<img loading=\"lazy\" decoding=\"async\" width=\"300\" height=\"300\" src=\"https:\/\/instituutit.fi\/hallinta\/wp-content\/uploads\/2021\/06\/Uula_puolikas-300x300.jpg\" class=\"attachment-thumbnail size-thumbnail\" alt=\"\" aria-describedby=\"gallery-1-5321\" srcset=\"https:\/\/instituutit.fi\/hallinta\/wp-content\/uploads\/2021\/06\/Uula_puolikas-300x300.jpg 300w, https:\/\/instituutit.fi\/hallinta\/wp-content\/uploads\/2021\/06\/Uula_puolikas-335x335.jpg 335w\" sizes=\"auto, (max-width: 300px) 100vw, 300px\" \/>\n\t\t\t<\/div>\n\t\t\t\t<figcaption class='wp-caption-text gallery-caption' id='gallery-1-5321'>\n\t\t\t\tUula Neitola. Kuva: Sanni Tunturipuro\n\t\t\t\t<\/figcaption><\/figure><figure class='gallery-item'>\n\t\t\t<div class='gallery-icon landscape'>\n\t\t\t\t<img loading=\"lazy\" decoding=\"async\" width=\"300\" height=\"300\" src=\"https:\/\/instituutit.fi\/hallinta\/wp-content\/uploads\/2024\/05\/Asta-Teravainen-kuva1-300x300.png\" class=\"attachment-thumbnail size-thumbnail\" alt=\"\" aria-describedby=\"gallery-1-6998\" srcset=\"https:\/\/instituutit.fi\/hallinta\/wp-content\/uploads\/2024\/05\/Asta-Teravainen-kuva1-300x300.png 300w, https:\/\/instituutit.fi\/hallinta\/wp-content\/uploads\/2024\/05\/Asta-Teravainen-kuva1-335x335.png 335w\" sizes=\"auto, (max-width: 300px) 100vw, 300px\" \/>\n\t\t\t<\/div>\n\t\t\t\t<figcaption class='wp-caption-text gallery-caption' id='gallery-1-6998'>\n\t\t\t\tAsta Ter\u00e4v\u00e4inen. Kuva: Sanni Tunturipuro\n\t\t\t\t<\/figcaption><\/figure>\n\t\t<\/div>\n\n<p>&nbsp;<\/p>\n","protected":false},"excerpt":{"rendered":"<p>PARTir &#8211; Creating a Cultural Roadmap Towards Responsible International Mobility \u00e4r ett samarbetsprojekt mellan Finlands kultur- och vetenskapsinstitut rf och tio finl\u00e4ndska kultur- och vetenskapsinstitut under 2024-2025. Projektet fr\u00e4mjar h\u00e5llbar och l\u00e5ngsiktig internationalisering av konstf\u00e4ltet genom cirka 30 konst- och kulturprojekt och en gemensam utveckling av h\u00e5llbara metoder f\u00f6r institutn\u00e4tverket. pARTir \u00e4r ett EU-finansierat NextGenerationEU-projekt. [&hellip;]<\/p>\n","protected":false},"author":1,"featured_media":7249,"parent":0,"menu_order":0,"comment_status":"closed","ping_status":"closed","template":"page-partir-alasivut.php","meta":{"_acf_changed":false,"footnotes":""},"class_list":["post-7616","page","type-page","status-publish","has-post-thumbnail","hentry"],"acf":[],"_links":{"self":[{"href":"https:\/\/instituutit.fi\/sv\/wp-json\/wp\/v2\/pages\/7616","targetHints":{"allow":["GET"]}}],"collection":[{"href":"https:\/\/instituutit.fi\/sv\/wp-json\/wp\/v2\/pages"}],"about":[{"href":"https:\/\/instituutit.fi\/sv\/wp-json\/wp\/v2\/types\/page"}],"author":[{"embeddable":true,"href":"https:\/\/instituutit.fi\/sv\/wp-json\/wp\/v2\/users\/1"}],"replies":[{"embeddable":true,"href":"https:\/\/instituutit.fi\/sv\/wp-json\/wp\/v2\/comments?post=7616"}],"version-history":[{"count":5,"href":"https:\/\/instituutit.fi\/sv\/wp-json\/wp\/v2\/pages\/7616\/revisions"}],"predecessor-version":[{"id":7641,"href":"https:\/\/instituutit.fi\/sv\/wp-json\/wp\/v2\/pages\/7616\/revisions\/7641"}],"wp:featuredmedia":[{"embeddable":true,"href":"https:\/\/instituutit.fi\/sv\/wp-json\/wp\/v2\/media\/7249"}],"wp:attachment":[{"href":"https:\/\/instituutit.fi\/sv\/wp-json\/wp\/v2\/media?parent=7616"}],"curies":[{"name":"wp","href":"https:\/\/api.w.org\/{rel}","templated":true}]}}