{"id":7548,"date":"2024-09-04T15:49:09","date_gmt":"2024-09-04T12:49:09","guid":{"rendered":"https:\/\/instituutit.fi\/?page_id=7548"},"modified":"2024-09-05T12:57:35","modified_gmt":"2024-09-05T09:57:35","slug":"finlands-vastafrikanska-institut","status":"publish","type":"page","link":"https:\/\/instituutit.fi\/sv\/institut\/finlands-vastafrikanska-institut\/","title":{"rendered":"Finlands V\u00e4stafrika Institut"},"content":{"rendered":"<p><span data-contrast=\"auto\">Villa Karo, som ligger i den lugna byn Grand-Popo i Benin, \u00e4r ett unikt kultur- och forskningsinstitut som bygger broar mellan finsk och v\u00e4stafrikansk kultur.<\/span><span data-ccp-props=\"{&quot;201341983&quot;:0,&quot;335559739&quot;:0,&quot;335559740&quot;:279}\">\u00a0<\/span><\/p>\n<p><span data-contrast=\"auto\">Villa Karo grundades \u00e5r 2000 f\u00f6r att fr\u00e4mja interkulturell dialog och \u00f6msesidig f\u00f6rst\u00e5else genom att erbjuda konstn\u00e4rer, forskare och kulturprofessionella en dynamisk plats att f\u00f6rdjupa sig i V\u00e4stafrikas rika traditioner och samtida liv. Genom att \u00e5rligen erbjuda cirka 45 residens, samt utst\u00e4llningar och samarbetsprojekt, fr\u00e4mjar institutet ett djupt utbyte av id\u00e9er \u00f6ver disciplinerna konst och vetenskap.<\/span><span data-ccp-props=\"{&quot;201341983&quot;:0,&quot;335559739&quot;:0,&quot;335559740&quot;:279}\">\u00a0<\/span><\/p>\n<p><span data-contrast=\"auto\">Med \u00f6ver 700 alumner och ett aktivt n\u00e4tverk av medlemmar och anh\u00e4ngare \u00f6ver hela Finland och V\u00e4stafrika, blomstrar Villa Karo som ett centrum f\u00f6r kreativt och intellektuellt engagemang. Varje \u00e5r v\u00e4lkomnar kulturcentret cirka 14 000 bes\u00f6kare och anordnar ett brett utbud av aktiviteter, inklusive konserter, teater- och dansf\u00f6rest\u00e4llningar, filmkv\u00e4llar, seminarier, tillg\u00e5ng till ett bibliotek och tv\u00e5 museer. Dessutom erbjuder centret \u00e5rligen dussintals konst- och milj\u00f6verkst\u00e4der, s\u00e4rskilt f\u00f6r barn och unga.<\/span><span data-ccp-props=\"{&quot;201341983&quot;:0,&quot;335559739&quot;:0,&quot;335559740&quot;:279}\">\u00a0<\/span><\/p>\n<p><span data-contrast=\"auto\">P\u00e5 Villa Karo tror vi att kulturellt utbyte har kraften att inspirera, f\u00f6r\u00e4ndra och f\u00f6rena oss alla.<\/span><span data-ccp-props=\"{&quot;201341983&quot;:0,&quot;335559739&quot;:0,&quot;335559740&quot;:279}\">\u00a0<\/span><\/p>\n<p><span data-contrast=\"auto\">Verksamheten drivs av kulturf\u00f6reningen Villa Karos v\u00e4nner rf.<\/span><span data-ccp-props=\"{&quot;201341983&quot;:0,&quot;335559739&quot;:0,&quot;335559740&quot;:279}\">\u00a0<\/span><\/p>\n","protected":false},"excerpt":{"rendered":"<p>Villa Karo, som ligger i den lugna byn Grand-Popo i Benin, \u00e4r ett unikt kultur- och forskningsinstitut som bygger broar mellan finsk och v\u00e4stafrikansk kultur.\u00a0 Villa Karo grundades \u00e5r 2000 f\u00f6r att fr\u00e4mja interkulturell dialog och \u00f6msesidig f\u00f6rst\u00e5else genom att erbjuda konstn\u00e4rer, forskare och kulturprofessionella en dynamisk plats att f\u00f6rdjupa sig i V\u00e4stafrikas rika traditioner [&hellip;]<\/p>\n","protected":false},"author":9,"featured_media":6989,"parent":2011,"menu_order":0,"comment_status":"closed","ping_status":"closed","template":"page-instituutti.php","meta":{"_acf_changed":false,"footnotes":""},"class_list":["post-7548","page","type-page","status-publish","has-post-thumbnail","hentry"],"acf":[],"_links":{"self":[{"href":"https:\/\/instituutit.fi\/sv\/wp-json\/wp\/v2\/pages\/7548","targetHints":{"allow":["GET"]}}],"collection":[{"href":"https:\/\/instituutit.fi\/sv\/wp-json\/wp\/v2\/pages"}],"about":[{"href":"https:\/\/instituutit.fi\/sv\/wp-json\/wp\/v2\/types\/page"}],"author":[{"embeddable":true,"href":"https:\/\/instituutit.fi\/sv\/wp-json\/wp\/v2\/users\/9"}],"replies":[{"embeddable":true,"href":"https:\/\/instituutit.fi\/sv\/wp-json\/wp\/v2\/comments?post=7548"}],"version-history":[{"count":3,"href":"https:\/\/instituutit.fi\/sv\/wp-json\/wp\/v2\/pages\/7548\/revisions"}],"predecessor-version":[{"id":7557,"href":"https:\/\/instituutit.fi\/sv\/wp-json\/wp\/v2\/pages\/7548\/revisions\/7557"}],"up":[{"embeddable":true,"href":"https:\/\/instituutit.fi\/sv\/wp-json\/wp\/v2\/pages\/2011"}],"wp:featuredmedia":[{"embeddable":true,"href":"https:\/\/instituutit.fi\/sv\/wp-json\/wp\/v2\/media\/6989"}],"wp:attachment":[{"href":"https:\/\/instituutit.fi\/sv\/wp-json\/wp\/v2\/media?parent=7548"}],"curies":[{"name":"wp","href":"https:\/\/api.w.org\/{rel}","templated":true}]}}