{"id":5244,"date":"2020-06-15T14:41:08","date_gmt":"2020-06-15T11:41:08","guid":{"rendered":"https:\/\/instituutit.fi\/saavutettavuusseloste\/"},"modified":"2021-04-19T13:18:18","modified_gmt":"2021-04-19T10:18:18","slug":"saavutettavuusseloste","status":"publish","type":"page","link":"https:\/\/instituutit.fi\/sv\/saavutettavuusseloste\/","title":{"rendered":"Tillg\u00e4nglighetsutl\u00e5tande"},"content":{"rendered":"<p>Detta tillg\u00e4nglighetsutl\u00e5tande ber\u00f6r tj\u00e4nsten <a href=\"https:\/\/instituutit.fi\">https:\/\/instituutit.fi<\/a> och \u00e4r utf\u00e4rdat 15.06.2020. Tj\u00e4nstens tillg\u00e4nglighet har bed\u00f6mts av en utomst\u00e5ende expertorganisation.<\/p>\n<h2>Den digitala tj\u00e4nstens tillg\u00e4nglighet<\/h2>\n<p>Uppfyller de mest kritiska tillg\u00e4nglighetskriterierna<\/p>\n<h2>Inneh\u00e5ll som \u00e4nnu inte \u00e4r tillg\u00e4ngligt<\/h2>\n<section class=\"statement__inaccessible\">P\u00e5 webbplatsen kan f\u00f6rekomma icke-tillg\u00e4ngligt inneh\u00e5ll som inte omfattas av lagstiftningen:<\/p>\n<ul class=\"flaws\">\n<li class=\"flaw\">\n<p class=\"flaw__title\">Kontorsprogramvara (t.ex. Doc, pdf, odt) som publicerats f\u00f6re 23.9.2018<\/p>\n<\/li>\n<li class=\"flaw\">\n<p class=\"flaw__title\">Internetinneh\u00e5ll som aktiverats f\u00f6re 23.9.2019<\/p>\n<\/li>\n<\/ul>\n<\/section>\n<section class=\"statement__section\">\n<h2>Uppm\u00e4rksammade du brister i den digitala tj\u00e4nstens tillg\u00e4nglighet?<\/h2>\n<p>Vi g\u00f6r v\u00e5rt b\u00e4sta f\u00f6r att r\u00e4tta till brister som framkommer. V\u00e4nligen ta kontakt: <a href=\"mailto:skti@instituutit.fi\">skti@instituutit.fi<\/a>.<\/p>\n<\/section>\n<section class=\"statement__section\">\n<h2>Tillsynsmyndighet<\/h2>\n<p>Om du l\u00e4gger m\u00e4rke till problem med webbplatsens tillg\u00e4nglighet, v\u00e4nligen ta kontakt med webbplatsens administrat\u00f6rer. Svaret kan dr\u00f6ja upp till 14 dagar. Om du inte \u00e4r n\u00f6jd med svaret eller inte f\u00e5r svar inom tv\u00e5 veckor kan du g\u00f6ra en anm\u00e4lan till <a href=\"https:\/\/www.tillganglighetskrav.fi\/dina-rattigheter\/\">s\u00f6dra Finlands regionf\u00f6rvaltningsverk<\/a>. P\u00e5 regionf\u00f6rvaltningsverkets webbplats redog\u00f6rs i detalj f\u00f6r hur en anm\u00e4lan kan g\u00f6ras och hur den behandlas.<\/p>\n<h2>Regionf\u00f6rvaltningsverkets kontaktuppgifter<\/h2>\n<p>S\u00f6dra Finlands regionf\u00f6rvaltningsverk<br \/>\nEnheten f\u00f6r tillg\u00e4nglighetstillsyn<br \/>\nTillg\u00e4nglighetskrav.fi<br \/>\n<a href=\"mailto:webbtillganglighet@rft.fi\">webbtillganglighet@rft.fi<\/a><br \/>\nTelefonv\u00e4xel 0295 016 000<\/p>\n<\/section>\n<section class=\"statement__section\">\n<h2>Vi arbetar st\u00e4ndigt med att f\u00f6rb\u00e4ttra tillg\u00e4ngligheten<\/h2>\n<p>Vi har f\u00f6rbundit oss till att f\u00f6rb\u00e4ttra v\u00e5ra digitala tj\u00e4nsters tillg\u00e4nglighet. Webbplatsens tillg\u00e4nglighet har f\u00f6rb\u00e4ttrats under 2020 i samband med en f\u00f6rnyelse av webbplatsens visuella utseende, bland annat genom textmotsvarigheter och kontraster.<\/p>\n<p>Vi erbjuder st\u00f6d f\u00f6r anv\u00e4ndare f\u00f6r vilka de digitala tj\u00e4nsterna inte \u00e4r tillg\u00e4ngliga. Ta kontakt via telefon, e-post eller kom p\u00e5 bes\u00f6k:<\/p>\n<p>Finlands kultur- och vetenskapsinstitut rf<br \/>\nKalliolinnav\u00e4gen 4 (1. v\u00e5n)<br \/>\n00140 Helsingfors<br \/>\n<a href=\"mailto:skti@instituutit.fi\">skti@instituutit.fi<\/a><\/p>\n<p>Verksamhetsledare Tove Ekman<br \/>\n+358 40 738 1544<\/p>\n<h2>Denna webbplats har lanserats<\/h2>\n<p>\u00c5r 2015<\/p>\n<h2>Denna webbplats har uppdaterats med betydande f\u00f6r\u00e4ndringar<\/h2>\n<p>05.05.2020<\/p>\n<\/section>\n","protected":false},"excerpt":{"rendered":"<p>Detta tillg\u00e4nglighetsutl\u00e5tande ber\u00f6r tj\u00e4nsten https:\/\/instituutit.fi och \u00e4r utf\u00e4rdat 15.06.2020. Tj\u00e4nstens tillg\u00e4nglighet har bed\u00f6mts av en utomst\u00e5ende expertorganisation. Den digitala tj\u00e4nstens tillg\u00e4nglighet Uppfyller de mest kritiska tillg\u00e4nglighetskriterierna Inneh\u00e5ll som \u00e4nnu inte \u00e4r tillg\u00e4ngligt P\u00e5 webbplatsen kan f\u00f6rekomma icke-tillg\u00e4ngligt inneh\u00e5ll som inte omfattas av lagstiftningen: Kontorsprogramvara (t.ex. Doc, pdf, odt) som publicerats f\u00f6re 23.9.2018 Internetinneh\u00e5ll som aktiverats [&hellip;]<\/p>\n","protected":false},"author":1,"featured_media":0,"parent":0,"menu_order":0,"comment_status":"closed","ping_status":"closed","template":"","meta":{"_acf_changed":false,"footnotes":""},"class_list":["post-5244","page","type-page","status-publish","hentry"],"acf":[],"_links":{"self":[{"href":"https:\/\/instituutit.fi\/sv\/wp-json\/wp\/v2\/pages\/5244","targetHints":{"allow":["GET"]}}],"collection":[{"href":"https:\/\/instituutit.fi\/sv\/wp-json\/wp\/v2\/pages"}],"about":[{"href":"https:\/\/instituutit.fi\/sv\/wp-json\/wp\/v2\/types\/page"}],"author":[{"embeddable":true,"href":"https:\/\/instituutit.fi\/sv\/wp-json\/wp\/v2\/users\/1"}],"replies":[{"embeddable":true,"href":"https:\/\/instituutit.fi\/sv\/wp-json\/wp\/v2\/comments?post=5244"}],"version-history":[{"count":2,"href":"https:\/\/instituutit.fi\/sv\/wp-json\/wp\/v2\/pages\/5244\/revisions"}],"predecessor-version":[{"id":5246,"href":"https:\/\/instituutit.fi\/sv\/wp-json\/wp\/v2\/pages\/5244\/revisions\/5246"}],"wp:attachment":[{"href":"https:\/\/instituutit.fi\/sv\/wp-json\/wp\/v2\/media?parent=5244"}],"curies":[{"name":"wp","href":"https:\/\/api.w.org\/{rel}","templated":true}]}}