{"id":5241,"date":"2018-06-18T15:21:35","date_gmt":"2018-06-18T12:21:35","guid":{"rendered":"https:\/\/instituutit.fi\/sktin-tietosuojaseloste\/"},"modified":"2021-04-19T13:07:20","modified_gmt":"2021-04-19T10:07:20","slug":"sktin-tietosuojaseloste","status":"publish","type":"page","link":"https:\/\/instituutit.fi\/sv\/sktin-tietosuojaseloste\/","title":{"rendered":"Dataskyddsbeskrivning"},"content":{"rendered":"<p><strong>Datum f\u00f6r utf\u00e4rdande: 24.5.2018\u00a0<\/strong><br \/>\n<strong>EU:s dataskyddsf\u00f6rordning 2016\/679<\/strong><\/p>\n<p>&nbsp;<\/p>\n<ol>\n<li><strong>Registeransvariga<\/strong><\/li>\n<\/ol>\n<p>Finlands kultur- och vetenskapsinstitut rf<br \/>\n2071105-3<br \/>\nKalliolinnav\u00e4gen 4, 00140 Helsingfors<br \/>\n<a href=\"mailto:skti@instituutit.fi\">skti@instituutit.fi<\/a><\/p>\n<ol start=\"2\">\n<li><strong>Kontaktperson vid register\u00e4renden <\/strong><\/li>\n<\/ol>\n<p>Verksamhetsledare <strong>Tove Ekman<\/strong><br \/>\ntove.ekman@instituutit.fi<\/p>\n<ol start=\"3\">\n<li><strong>Registrens namn <\/strong><\/li>\n<\/ol>\n<p>1)\u00a0\u00a0\u00a0 Kontaktuppgiftsregistret. Registret uppr\u00e4tth\u00e5lls p\u00e5 kontaktuppgifttj\u00e4nsten Gruppos server<br \/>\n2)\u00a0\u00a0\u00a0 Deltagarlistor f\u00f6r tillst\u00e4llningar<\/p>\n<ol start=\"4\">\n<li><strong>Syftet med och r\u00e4ttslig grund f\u00f6r behandlingen av personuppgifter <\/strong><\/li>\n<\/ol>\n<p>1)\u00a0\u00a0\u00a0\u00a0 Kontaktuppgiftsregistret<br \/>\nF\u00f6r att informera om f\u00f6reningens och kultur- och vetenskapsinstitutens verksamhet och evenemang samt h\u00e5lla kontakt med intressenter.<\/p>\n<p>2)\u00a0\u00a0\u00a0 Deltagarlistor f\u00f6r tillst\u00e4llningar<br \/>\nF\u00f6r att ordna tillst\u00e4llningar och n\u00e4tverka med deltagare.<\/p>\n<p>Den r\u00e4ttsliga grunden f\u00f6r att behandla uppgifterna i de ovan n\u00e4mnda registren baserar sig p\u00e5 legitimt intresse. Personuppgifterna behandlas f\u00f6r att m\u00f6jligg\u00f6ra verksamheten.<\/p>\n<ol start=\"5\">\n<li><strong>Registrets datainneh\u00e5ll <\/strong><\/li>\n<\/ol>\n<p>1)\u00a0\u00a0\u00a0\u00a0 Kontaktuppgiftsregistret<br \/>\nPersonens basuppgifter som namn, yrkestitel, organisation, e-postadress, i vissa fall \u00e4ven postadress och telefonnummer samt ett potentiellt kontaktf\u00f6rbud.<\/p>\n<p>2)\u00a0\u00a0\u00a0 Deltagarlistor f\u00f6r tillst\u00e4llningar<br \/>\nPersonens basuppgifter som namn, yrkestitel, organisation, e-postadress, i vissa fall \u00e4ven till\u00e4ggsinformation om tillst\u00e4llningens \u00e4mne.<\/p>\n<ol start=\"6\">\n<li><strong>Regelm\u00e4ssiga uppgiftsk\u00e4llor <\/strong><\/li>\n<\/ol>\n<p>1)\u00a0\u00a0\u00a0 Kontaktuppgiftsregistret<br \/>\nDe som vill kan prenumerera p\u00e5 f\u00f6reningens nyhetsbrev. F\u00f6reningen l\u00e4gger \u00e4ven till personer i registret som h\u00f6r till f\u00f6reningens eller institutn\u00e4tverkets intressenter f\u00f6r att informera dem om tillst\u00e4llningar eller verksamheten. Uppgifterna f\u00e5s av personerna i fr\u00e5ga exempelvis genom fysiska m\u00f6ten, visitkort eller e-postmeddelanden. Uppgifter kan \u00e4ven f\u00e5s genom allm\u00e4nt tillg\u00e4ngliga internetresurser, tidningar eller p\u00e5 seminarium eller andra m\u00f6ten.<\/p>\n<p>2)\u00a0\u00a0\u00a0 Deltagarlistor f\u00f6r tillst\u00e4llningar<br \/>\nUppgifterna f\u00e5s av deltagarna vid tillst\u00e4llningen i samband med deras anm\u00e4lan.<\/p>\n<ol start=\"7\">\n<li><strong>Regelm\u00e4ssig utl\u00e4mning av uppgifter <\/strong><\/li>\n<\/ol>\n<p>1)\u00a0\u00a0\u00a0 Yhteystietorekisteri<br \/>\nUppgifterna f\u00e5s av deltagarna vid tillst\u00e4llningen i samband med deras anm\u00e4lan.<\/p>\n<p>2)\u00a0\u00a0\u00a0 Deltagarlistor f\u00f6r tillst\u00e4llningar<br \/>\nUppgifterna l\u00e4mnas till personer anm\u00e4lda till tillst\u00e4llningen eller dess deltagare under tillst\u00e4llningen i fr\u00e5ga eller genast efter den.<\/p>\n<ol start=\"8\">\n<li><strong>Data\u00f6verf\u00f6ring utanf\u00f6r EU eller ETA<\/strong><\/li>\n<\/ol>\n<p>Uppgifterna \u00f6verf\u00f6rs inte utanf\u00f6r EU eller ETA.<\/p>\n<ol start=\"9\">\n<li><strong>Principer f\u00f6r skydd av registret <\/strong><\/li>\n<\/ol>\n<p>1)\u00a0\u00a0\u00a0 Kontaktuppgiftsregistret<br \/>\nEnbart namngivna personer har tillg\u00e5ng till registret, vilket kr\u00e4ver ett anv\u00e4ndarnamn och l\u00f6senord<\/p>\n<p>2)\u00a0\u00a0\u00a0 Deltagarlistor f\u00f6r tillst\u00e4llningar<br \/>\nDe som deltagit i eller anm\u00e4lt sig till en tillst\u00e4llning har tillg\u00e5ng till listan p\u00e5 namn och organisationer. Enbart personalen vid Finlands kultur- och vetenskapsinstitut rf har tillg\u00e5ng till andra uppgifter som deltagarna har l\u00e4mnat.<\/p>\n<ol start=\"10\">\n<li><strong>F\u00f6rvaringstid f\u00f6r personuppgifterna <\/strong><\/li>\n<\/ol>\n<p>1)\u00a0\u00a0\u00a0 Kontaktuppgiftsregistret<br \/>\nUppgifterna f\u00f6rvaras tills vidare, tills de inte l\u00e4ngre beh\u00f6vs d\u00e5 personen i fr\u00e5ga exempelvis byter arbetsplats eller byter yrkesbeskrivning till s\u00e5dana uppgifter som inte ber\u00f6r f\u00f6reningens verksamhet. SKTI uppdaterar registret regelbundet och raderar on\u00f6diga uppgifter.<\/p>\n<p>2)\u00a0\u00a0\u00a0 Deltagarlistor f\u00f6r tillst\u00e4llningar<br \/>\nDeltagaruppgifterna sparas efter tillst\u00e4llningen i statistik- och kommunikationssyfte.<\/p>\n<ol start=\"11\">\n<li><strong>R\u00e4tt att granska uppgifter <\/strong><\/li>\n<\/ol>\n<p>De registrerade har r\u00e4tt att granska de uppgifter som ber\u00f6r en sj\u00e4lv.<\/p>\n<p>1)\u00a0\u00a0\u00a0 Kontaktuppgiftsregistret<br \/>\nDen registrerade kan rikta sin beg\u00e4ran att granska uppgifterna till SKTIs kontaktperson f\u00f6r register\u00e4renden.<\/p>\n<p>2)\u00a0\u00a0\u00a0 Deltagarlistor f\u00f6r tillst\u00e4llningar<br \/>\nDen registrerade har tillg\u00e5ng till listan s\u00e5 l\u00e4nge som den sparas i samband med anordnandet av tillst\u00e4llningen.<\/p>\n<ol start=\"12\">\n<li><strong>R\u00e4tt att beg\u00e4ra att en uppgift korrigeras <\/strong><\/li>\n<\/ol>\n<p>Den registrerade har r\u00e4tt att beg\u00e4ra att en felaktig uppgift korrigeras. Beg\u00e4ran skickas till SKTIs kontaktperson f\u00f6r register\u00e4renden. Svar f\u00e5s inom en m\u00e5nad efter att beg\u00e4ran har tagits emot och orsaken till m\u00f6jlig f\u00f6rdr\u00f6jning meddelas.<\/p>\n<ol start=\"13\">\n<li><strong>\u00d6vriga r\u00e4ttigheter i anslutning till behandling av personuppgifter <\/strong><\/li>\n<\/ol>\n<p>Den registrerade har r\u00e4tt att beg\u00e4ra att uppgifterna om hen raderas, att mots\u00e4tta sig behandling av personuppgifter samt att g\u00f6ra en anm\u00e4lan till tillsynsverket.<\/p>\n<ol start=\"14\">\n<li><strong>Automatisk beslutsfunktion <\/strong><\/li>\n<\/ol>\n<p>I registrets anv\u00e4nds inte en automatisk beslutsfunktion utan separat medgivande.<\/p>\n<p>&nbsp;<\/p>\n","protected":false},"excerpt":{"rendered":"<p>Datum f\u00f6r utf\u00e4rdande: 24.5.2018\u00a0 EU:s dataskyddsf\u00f6rordning 2016\/679 &nbsp; Registeransvariga Finlands kultur- och vetenskapsinstitut rf 2071105-3 Kalliolinnav\u00e4gen 4, 00140 Helsingfors skti@instituutit.fi Kontaktperson vid register\u00e4renden Verksamhetsledare Tove Ekman tove.ekman@instituutit.fi Registrens namn 1)\u00a0\u00a0\u00a0 Kontaktuppgiftsregistret. Registret uppr\u00e4tth\u00e5lls p\u00e5 kontaktuppgifttj\u00e4nsten Gruppos server 2)\u00a0\u00a0\u00a0 Deltagarlistor f\u00f6r tillst\u00e4llningar Syftet med och r\u00e4ttslig grund f\u00f6r behandlingen av personuppgifter 1)\u00a0\u00a0\u00a0\u00a0 Kontaktuppgiftsregistret F\u00f6r att informera [&hellip;]<\/p>\n","protected":false},"author":6,"featured_media":0,"parent":0,"menu_order":0,"comment_status":"closed","ping_status":"closed","template":"","meta":{"_acf_changed":false,"footnotes":""},"class_list":["post-5241","page","type-page","status-publish","hentry"],"acf":[],"_links":{"self":[{"href":"https:\/\/instituutit.fi\/sv\/wp-json\/wp\/v2\/pages\/5241","targetHints":{"allow":["GET"]}}],"collection":[{"href":"https:\/\/instituutit.fi\/sv\/wp-json\/wp\/v2\/pages"}],"about":[{"href":"https:\/\/instituutit.fi\/sv\/wp-json\/wp\/v2\/types\/page"}],"author":[{"embeddable":true,"href":"https:\/\/instituutit.fi\/sv\/wp-json\/wp\/v2\/users\/6"}],"replies":[{"embeddable":true,"href":"https:\/\/instituutit.fi\/sv\/wp-json\/wp\/v2\/comments?post=5241"}],"version-history":[{"count":2,"href":"https:\/\/instituutit.fi\/sv\/wp-json\/wp\/v2\/pages\/5241\/revisions"}],"predecessor-version":[{"id":5243,"href":"https:\/\/instituutit.fi\/sv\/wp-json\/wp\/v2\/pages\/5241\/revisions\/5243"}],"wp:attachment":[{"href":"https:\/\/instituutit.fi\/sv\/wp-json\/wp\/v2\/media?parent=5241"}],"curies":[{"name":"wp","href":"https:\/\/api.w.org\/{rel}","templated":true}]}}