{"id":2812,"date":"2017-03-08T15:27:31","date_gmt":"2017-03-08T12:27:31","guid":{"rendered":"http:\/\/instituutit.fi\/sv\/?page_id=2812"},"modified":"2026-03-04T11:01:26","modified_gmt":"2026-03-04T08:01:26","slug":"praktik","status":"publish","type":"page","link":"https:\/\/instituutit.fi\/sv\/praktik\/","title":{"rendered":"Praktik"},"content":{"rendered":"<figure id=\"attachment_9076\" aria-describedby=\"caption-attachment-9076\" style=\"width: 582px\" class=\"wp-caption aligncenter\"><img loading=\"lazy\" decoding=\"async\" class=\" wp-image-9076\" src=\"https:\/\/instituutit.fi\/hallinta\/wp-content\/uploads\/2026\/03\/a40a5454-92b9-46a4-862d-7fbb1032590e-450x344.jpg\" alt=\"\" width=\"582\" height=\"445\" srcset=\"https:\/\/instituutit.fi\/hallinta\/wp-content\/uploads\/2026\/03\/a40a5454-92b9-46a4-862d-7fbb1032590e-450x344.jpg 450w, https:\/\/instituutit.fi\/hallinta\/wp-content\/uploads\/2026\/03\/a40a5454-92b9-46a4-862d-7fbb1032590e-690x528.jpg 690w, https:\/\/instituutit.fi\/hallinta\/wp-content\/uploads\/2026\/03\/a40a5454-92b9-46a4-862d-7fbb1032590e-768x587.jpg 768w, https:\/\/instituutit.fi\/hallinta\/wp-content\/uploads\/2026\/03\/a40a5454-92b9-46a4-862d-7fbb1032590e-1536x1175.jpg 1536w, https:\/\/instituutit.fi\/hallinta\/wp-content\/uploads\/2026\/03\/a40a5454-92b9-46a4-862d-7fbb1032590e-2048x1566.jpg 2048w\" sizes=\"auto, (max-width: 582px) 100vw, 582px\" \/><figcaption id=\"caption-attachment-9076\" class=\"wp-caption-text\">Svenska Kulturfondens praktikanter i Budapest v\u00e5ren 2025.<\/figcaption><\/figure>\n<h2><span lang=\"sv-FI\"><strong>Praktikplatser vid kultur- och vetenskapsinstituten<\/strong> <\/span><\/h2>\n<p>Finlands kultur- och vetenskapsinstitut utomlands erbjuder \u00e5rligen \u00f6ver 70 praktikplatser f\u00f6r h\u00f6gskolestuderande i slutskedet av studierna och f\u00f6r nyutexaminerade. Du kan ans\u00f6ka om praktikplatserna i fr\u00e4msta hand via Svenska kulturfonden eller Utbildningsstyrelsen (EDUFI-praktik). Om du har andra m\u00f6jligheter att finansiera din praktik (t.ex. ERASMUS eller st\u00f6d fr\u00e5n din egen h\u00f6gskola) kan du direkt kontakta det institut som intresserar dig.\u00a0<a href=\"http:\/\/instituutit.fi\/sv\/kontaktuppgifter\/\" target=\"_blank\" rel=\"noopener\" data-saferedirecturl=\"https:\/\/www.google.com\/url?q=http:\/\/instituutit.fi\/sv\/kontaktuppgifter\/&amp;source=gmail&amp;ust=1740124219410000&amp;usg=AOvVaw1eDZ1OOzXToI47Z-O4U32A\">Institutens kontaktuppgifter finns h\u00e4r<\/a>.<\/p>\n<h2><strong><span lang=\"sv-FI\">Praktik via Svenska kulturfonden\u00a0<\/span><\/strong><\/h2>\n<p>Finlands kultur- och vetenskap rf koordinerar sedan 2026 hela Svenska Kulturfondens program f\u00f6r internationell praktik. Svenska kulturfonden finansierar 12 m\u00e5nader l\u00e5nga praktikplatser vid 13 av kultur- och vetenskapsinstituten utomlands: Berlin, Bryssel, Budapest, K\u00f6penhamn, Madrid, New York, Oslo, Paris, Stockholm, Tallinn, Tokyo, Hanaholmen och Grand-Popo, samt vid Nordisk Film &amp; TV Fond i Oslo, F\u00f6reningarna Nordens F\u00f6rbund i K\u00f6penhamn, Kommunf\u00f6rbundet i Bryssel och Circolo Scandinavo i Rom. Praktikplatserna lediansl\u00e5s tv\u00e5 g\u00e5nger per \u00e5r, i mars (15\u201331.3) och september (15\u201330.9). Ans\u00f6kningstiderna under v\u00e5ren och h\u00f6sten g\u00e4ller olika praktikorganisationer. Praktikplatserna erbjuds i samarbete med Finlands kultur- och vetenskapsinstitut rf, som ansvarar f\u00f6r ans\u00f6kningsprocessen.<\/p>\n<p>Praktikstipendierna kan s\u00f6kas av dig som \u00e4r heltidsstuderande vid universitet eller annan h\u00f6gskola eller som har utexaminerats fr\u00e5n en s\u00e5dan under det senaste \u00e5ret. Om du \u00e4r nyutexaminerad ska praktiken b\u00f6rja inom ett \u00e5r efter din examensdag. Du ska vara finsk medborgare eller fast bosatt i Finland och ha svenska som modersm\u00e5l eller studiespr\u00e5k. F\u00f6r \u00f6vriga krav, se platsannonserna.<\/p>\n<p><a href=\"https:\/\/www.kulturfonden.fi\/intpraktik\/\" target=\"_blank\" rel=\"noopener\" data-saferedirecturl=\"https:\/\/www.google.com\/url?q=https:\/\/www.kulturfonden.fi\/intpraktik\/&amp;source=gmail&amp;ust=1772637707455000&amp;usg=AOvVaw3BemE-1kMRAvRc5timunHQ\">P\u00e5 Svenska kulturfondens hemsida<\/a>\u00a0kan du l\u00e4sa ans\u00f6kningskriterierna och -anvisningarna f\u00f6r de enskilda praktikplatserna och l\u00e4mna in din ans\u00f6kan.<\/p>\n<p>F\u00f6r n\u00e4rmare information om Svenska kulturfondens internationella praktikplatser, kontakta koordinator Sofia Simelius,\u00a0<a href=\"mailto:sofia.simelius@instituutit.fi\" target=\"_blank\" rel=\"noopener\">sofia.simelius@<wbr \/>instituutit.fi<\/a>.<\/p>\n<h2><strong><span lang=\"sv-FI\">Praktik via Utbildningsstyrelsen<\/span><\/strong><\/h2>\n<p>EDUFI-praktikplatserna som erbjuds av Utbildningsstyrelsen \u00e4r i regel fem m\u00e5nader l\u00e5nga. Praktikanternas arbetsuppgifter varierar beroende p\u00e5 institut och aktuella projekt. Utbildningsstyrelsen betalar stipendium f\u00f6r praktikperioden. Stipendiesumman varierar beroende p\u00e5 stationeringsort. Ans\u00f6kningstid \u00e4r v\u00e5r och h\u00f6st. Kolla exakt ans\u00f6kningstid och l\u00e4s mera p\u00e5\u00a0<a href=\"https:\/\/www.oph.fi\/sv\/utveckling-och-internationalisering\/stod-internationalisering\/edufi-praktik-hogskolestuderande-och\" target=\"_blank\" rel=\"noopener\" data-saferedirecturl=\"https:\/\/www.google.com\/url?q=https:\/\/www.oph.fi\/sv\/utveckling-och-internationalisering\/stod-internationalisering\/edufi-praktik-hogskolestuderande-och&amp;source=gmail&amp;ust=1740124219411000&amp;usg=AOvVaw19nW42AbCuEzc3FPWkaeFT\">Utbildningsstyrelsens hemsida<\/a>.<\/p>\n","protected":false},"excerpt":{"rendered":"<p>Praktikplatser vid kultur- och vetenskapsinstituten Finlands kultur- och vetenskapsinstitut utomlands erbjuder \u00e5rligen \u00f6ver 70 praktikplatser f\u00f6r h\u00f6gskolestuderande i slutskedet av studierna och f\u00f6r nyutexaminerade. Du kan ans\u00f6ka om praktikplatserna i fr\u00e4msta hand via Svenska kulturfonden eller Utbildningsstyrelsen (EDUFI-praktik). Om du har andra m\u00f6jligheter att finansiera din praktik (t.ex. ERASMUS eller st\u00f6d fr\u00e5n din egen h\u00f6gskola) [&hellip;]<\/p>\n","protected":false},"author":6,"featured_media":0,"parent":0,"menu_order":0,"comment_status":"closed","ping_status":"closed","template":"","meta":{"_acf_changed":false,"footnotes":""},"class_list":["post-2812","page","type-page","status-publish","hentry"],"acf":[],"_links":{"self":[{"href":"https:\/\/instituutit.fi\/sv\/wp-json\/wp\/v2\/pages\/2812","targetHints":{"allow":["GET"]}}],"collection":[{"href":"https:\/\/instituutit.fi\/sv\/wp-json\/wp\/v2\/pages"}],"about":[{"href":"https:\/\/instituutit.fi\/sv\/wp-json\/wp\/v2\/types\/page"}],"author":[{"embeddable":true,"href":"https:\/\/instituutit.fi\/sv\/wp-json\/wp\/v2\/users\/6"}],"replies":[{"embeddable":true,"href":"https:\/\/instituutit.fi\/sv\/wp-json\/wp\/v2\/comments?post=2812"}],"version-history":[{"count":20,"href":"https:\/\/instituutit.fi\/sv\/wp-json\/wp\/v2\/pages\/2812\/revisions"}],"predecessor-version":[{"id":9079,"href":"https:\/\/instituutit.fi\/sv\/wp-json\/wp\/v2\/pages\/2812\/revisions\/9079"}],"wp:attachment":[{"href":"https:\/\/instituutit.fi\/sv\/wp-json\/wp\/v2\/media?parent=2812"}],"curies":[{"name":"wp","href":"https:\/\/api.w.org\/{rel}","templated":true}]}}