{"id":2400,"date":"2015-09-01T18:14:16","date_gmt":"2015-09-01T15:14:16","guid":{"rendered":"http:\/\/instituutitfi.virtualserver19.nebula.fi\/?page_id=2400"},"modified":"2024-08-19T14:03:50","modified_gmt":"2024-08-19T11:03:50","slug":"finlands-institut-i-frankrike","status":"publish","type":"page","link":"https:\/\/instituutit.fi\/sv\/institut\/finlands-institut-i-frankrike\/","title":{"rendered":"Finlands institut i Frankrike"},"content":{"rendered":"<p>Finlands institut i Frankrike \u2013 Institut finlandais \u00e4r en sj\u00e4lvst\u00e4ndig och m\u00e5ngdisciplin\u00e4r kulturakt\u00f6r mellan Finland och Frankrike. I samarbete med internationella institutioner samt akademiska och kreativa akt\u00f6rer erbjuder Institut finlandais ett varierat program b\u00e5de i sina lokaler och utanf\u00f6r dem. Programmet omfattar konst- och designutst\u00e4llningar, filmer, konserter och diskussioner, samt kulinariska evenemang vid institutets Caf\u00e9 Maa. Inom scenkonsten ligger fokus bland annat p\u00e5 modern dans. Institutet utvecklar \u00e4ven sitt kulturprogram inom musik och litteratur.<\/p>\n<p>Institut finlandais skapar kontakter, underl\u00e4ttar dialog och engagerar olika m\u00e5lgrupper med ett strategiskt inst\u00e4llningss\u00e4tt, aktiv kommunikation och en stark utvecklingsvilja. Vi bygger strategiska, kreativa samarbeten mellan finl\u00e4ndska och lokala akt\u00f6rer med m\u00e5let att bygga l\u00e5ngsiktiga och inflytelserika partnerskap.<\/p>\n<p>Institut finlandais \u00f6ppnades \u00e5r 1990. Arkitekt Juhani Pallasmaa har planerat institutet, som finns i en gammal biograf i hj\u00e4rtat av Quartier Latin i Paris. Utrymmena fungerar som en internationell m\u00f6tesplats och \u00e4r en plattform f\u00f6r att presentera finl\u00e4ndsk kultur, kunnande och samh\u00e4llsliv. Utrymmena f\u00f6rnyades vid en omfattande renovering 2017\u20132018 under ledning av Pekka Littow fr\u00e5n Littow architectes. Institutet \u00f6ppnades igen f\u00f6r publik i juli 2018. Studio Joanna Laajisto st\u00e5r f\u00f6r det f\u00f6rnyade institutets inredning.<\/p>\n<p>Institutets egna lokaler best\u00e5r av ett galleri, ett filmauditorium och Caf\u00e9 Maa. Galleriet vid Rue des \u00c9coles fungerar som ett skyltf\u00f6nster f\u00f6r finl\u00e4ndsk konst och design, medan filmauditoriet p\u00e5 bottenv\u00e5ningen erbjuder ett regelbundet bioprogram samt olika evenemang och m\u00f6ten. Caf\u00e9 Maa finns i byggnadens stora sal, som kombinerar konstutst\u00e4llningar och evenemang med h\u00e5llbar gastronomi i en inbjudande atmosf\u00e4r. Caf\u00e9 Maa f\u00f6r fram den finska matkulturen och erbjuder en plattform f\u00f6r kreat\u00f6rer att visa upp sitt arbete f\u00f6r en bred publik i Paris.<\/p>\n<p>Institutet uppr\u00e4tth\u00e5lls av Stiftelsen Finlands institut i Frankrike.<\/p>\n","protected":false},"excerpt":{"rendered":"<p>Finlands institut i Frankrike \u2013 Institut finlandais \u00e4r en sj\u00e4lvst\u00e4ndig och m\u00e5ngdisciplin\u00e4r kulturakt\u00f6r mellan Finland och Frankrike. I samarbete med internationella institutioner samt akademiska och kreativa akt\u00f6rer erbjuder Institut finlandais ett varierat program b\u00e5de i sina lokaler och utanf\u00f6r dem. Programmet omfattar konst- och designutst\u00e4llningar, filmer, konserter och diskussioner, samt kulinariska evenemang vid institutets Caf\u00e9 [&hellip;]<\/p>\n","protected":false},"author":6,"featured_media":7504,"parent":2011,"menu_order":0,"comment_status":"closed","ping_status":"open","template":"page-instituutti.php","meta":{"_acf_changed":false,"footnotes":""},"class_list":["post-2400","page","type-page","status-publish","has-post-thumbnail","hentry"],"acf":[],"_links":{"self":[{"href":"https:\/\/instituutit.fi\/sv\/wp-json\/wp\/v2\/pages\/2400","targetHints":{"allow":["GET"]}}],"collection":[{"href":"https:\/\/instituutit.fi\/sv\/wp-json\/wp\/v2\/pages"}],"about":[{"href":"https:\/\/instituutit.fi\/sv\/wp-json\/wp\/v2\/types\/page"}],"author":[{"embeddable":true,"href":"https:\/\/instituutit.fi\/sv\/wp-json\/wp\/v2\/users\/6"}],"replies":[{"embeddable":true,"href":"https:\/\/instituutit.fi\/sv\/wp-json\/wp\/v2\/comments?post=2400"}],"version-history":[{"count":13,"href":"https:\/\/instituutit.fi\/sv\/wp-json\/wp\/v2\/pages\/2400\/revisions"}],"predecessor-version":[{"id":7508,"href":"https:\/\/instituutit.fi\/sv\/wp-json\/wp\/v2\/pages\/2400\/revisions\/7508"}],"up":[{"embeddable":true,"href":"https:\/\/instituutit.fi\/sv\/wp-json\/wp\/v2\/pages\/2011"}],"wp:featuredmedia":[{"embeddable":true,"href":"https:\/\/instituutit.fi\/sv\/wp-json\/wp\/v2\/media\/7504"}],"wp:attachment":[{"href":"https:\/\/instituutit.fi\/sv\/wp-json\/wp\/v2\/media?parent=2400"}],"curies":[{"name":"wp","href":"https:\/\/api.w.org\/{rel}","templated":true}]}}