{"id":2366,"date":"2015-09-01T17:02:30","date_gmt":"2015-09-01T14:02:30","guid":{"rendered":"http:\/\/instituutitfi.virtualserver19.nebula.fi\/?page_id=2366"},"modified":"2024-07-04T11:13:39","modified_gmt":"2024-07-04T08:13:39","slug":"finlands-ateninstitut","status":"publish","type":"page","link":"https:\/\/instituutit.fi\/sv\/institut\/finlands-ateninstitut\/","title":{"rendered":"Finlands Ateninstitut"},"content":{"rendered":"<p>Finlands Ateninstitut ut\u00f6var och fr\u00e4mjar forskning kring grekisk arkeologi, historia, spr\u00e5k och kultur fr\u00e5n antiken till v\u00e5r tid. Institutet har egna forskningsprojekt och arkeologiska f\u00e4ltarbetsprojekt runtom i Grekland. Vi ordnar internationella kongresser och ger ut den vetenskapliga publikationsserien <em>Papers and Monographs of the Finnish Institute at Athens<\/em> och den elektroniska publikationen <a href=\"https:\/\/edition.fi\/finnishinstituteathens\"><em>Grifos<\/em><\/a>. Institutet ordnar \u00e5rligen en introduktionskurs till antikens Grekland f\u00f6r finl\u00e4ndska h\u00f6gskolestuderande och hj\u00e4lper andra kursorganisat\u00f6rer med planering och genomf\u00f6rande. I m\u00e5n av m\u00f6jlighet hj\u00e4lper vi finl\u00e4ndska forskare och studerande.<\/p>\n<p>I institutets utrymmen i centrala Aten s\u00f6der om Akropolis finns kontor och ett handbibliotek. Det egentliga\u00a0<a href=\"http:\/\/www.norlib.gr\/\">vetenskapliga biblioteket<\/a>, som uppr\u00e4tth\u00e5lls av fyra nordiska institut gemensamt, ligger i samma kvarter. Institutet har ocks\u00e5 ett residens som erbjuder inkvartering f\u00f6r finl\u00e4ndska forskare, studerande, konstn\u00e4rer och f\u00f6rfattare.<\/p>\n<p>Finlands Ateninstitut, som grundades 1984, \u00e4r n\u00e4st\u00e4ldst av de finl\u00e4ndska instituten utomlands och det uppr\u00e4tth\u00e5lls av Stiftelsen f\u00f6r Finlands Athen-institut. Institutets v\u00e4nf\u00f6rening <a href=\"https:\/\/ateenaninstituutinystavat.fi\/instituutti\/\">Suomen Ateenan-instituutin yst\u00e4v\u00e4t ry<\/a> grundades 1986 f\u00f6r att st\u00f6da institutets verksamhet samt kulturutbyte mellan Finland och Grekland. Alla som \u00e4r intresserade av Grekland kan bli medlemmar i f\u00f6reningen.<\/p>\n","protected":false},"excerpt":{"rendered":"<p>Finlands Ateninstitut ut\u00f6var och fr\u00e4mjar forskning kring grekisk arkeologi, historia, spr\u00e5k och kultur fr\u00e5n antiken till v\u00e5r tid. Institutet har egna forskningsprojekt och arkeologiska f\u00e4ltarbetsprojekt runtom i Grekland. Vi ordnar internationella kongresser och ger ut den vetenskapliga publikationsserien Papers and Monographs of the Finnish Institute at Athens och den elektroniska publikationen Grifos. Institutet ordnar \u00e5rligen [&hellip;]<\/p>\n","protected":false},"author":1,"featured_media":7390,"parent":2011,"menu_order":0,"comment_status":"closed","ping_status":"open","template":"page-instituutti.php","meta":{"_acf_changed":false,"footnotes":""},"class_list":["post-2366","page","type-page","status-publish","has-post-thumbnail","hentry"],"acf":[],"_links":{"self":[{"href":"https:\/\/instituutit.fi\/sv\/wp-json\/wp\/v2\/pages\/2366","targetHints":{"allow":["GET"]}}],"collection":[{"href":"https:\/\/instituutit.fi\/sv\/wp-json\/wp\/v2\/pages"}],"about":[{"href":"https:\/\/instituutit.fi\/sv\/wp-json\/wp\/v2\/types\/page"}],"author":[{"embeddable":true,"href":"https:\/\/instituutit.fi\/sv\/wp-json\/wp\/v2\/users\/1"}],"replies":[{"embeddable":true,"href":"https:\/\/instituutit.fi\/sv\/wp-json\/wp\/v2\/comments?post=2366"}],"version-history":[{"count":9,"href":"https:\/\/instituutit.fi\/sv\/wp-json\/wp\/v2\/pages\/2366\/revisions"}],"predecessor-version":[{"id":7392,"href":"https:\/\/instituutit.fi\/sv\/wp-json\/wp\/v2\/pages\/2366\/revisions\/7392"}],"up":[{"embeddable":true,"href":"https:\/\/instituutit.fi\/sv\/wp-json\/wp\/v2\/pages\/2011"}],"wp:featuredmedia":[{"embeddable":true,"href":"https:\/\/instituutit.fi\/sv\/wp-json\/wp\/v2\/media\/7390"}],"wp:attachment":[{"href":"https:\/\/instituutit.fi\/sv\/wp-json\/wp\/v2\/media?parent=2366"}],"curies":[{"name":"wp","href":"https:\/\/api.w.org\/{rel}","templated":true}]}}