{"id":2246,"date":"2015-02-01T17:53:31","date_gmt":"2015-02-01T14:53:31","guid":{"rendered":"http:\/\/instituutitfi.virtualserver19.nebula.fi\/?page_id=2246"},"modified":"2024-07-04T12:45:11","modified_gmt":"2024-07-04T09:45:11","slug":"finnagora","status":"publish","type":"page","link":"https:\/\/instituutit.fi\/sv\/institut\/finnagora\/","title":{"rendered":"Finnagora \u2013 Finlandsinstitutet i Ungern"},"content":{"rendered":"<p>FinnAgora \u00e4r centrum f\u00f6r finl\u00e4ndsk kultur, vetenskap och ekonomi i Ungern.<\/p>\n<p>FinnAgoras verksamhet best\u00e5r av projekt inom konst och kultur, utbildning, vetenskap och ekonomi. Institutets verksamhet baserar sig p\u00e5 samarbete mellan finl\u00e4ndska, ungerska och internationella n\u00e4tverk. FinnAgoras roll \u00e4r att bygga broar, fungera som motor och som sakkunnig och medproducent i olika projekt.<\/p>\n<p>FinnAgora ordnar m\u00e5nga slags evenemang fr\u00e5n utst\u00e4llningar till konserter och workshopar i Budapest och runtom i Ungern, och i allt h\u00f6gre grad ocks\u00e5 annanstans i syd\u00f6stra Europa. Evenemangen genomf\u00f6rs tillsammans med finl\u00e4ndska och lokala samarbetsparter. FinnAgoras kontor finns i samma fastighet som Finlands ambassad i Ungern, och i ambassadbyggnaden ordnas seminarier, kurser och mottagningar. F\u00f6rutom kontorsutrymmen har institutet ett litet bibliotek och konferensrum.<\/p>\n<p>Institutet grundades 2004 och uppr\u00e4tth\u00e5lls av Stiftelsen f\u00f6r FinnAgora.<\/p>\n","protected":false},"excerpt":{"rendered":"<p>FinnAgora \u00e4r centrum f\u00f6r finl\u00e4ndsk kultur, vetenskap och ekonomi i Ungern. FinnAgoras verksamhet best\u00e5r av projekt inom konst och kultur, utbildning, vetenskap och ekonomi. Institutets verksamhet baserar sig p\u00e5 samarbete mellan finl\u00e4ndska, ungerska och internationella n\u00e4tverk. FinnAgoras roll \u00e4r att bygga broar, fungera som motor och som sakkunnig och medproducent i olika projekt. FinnAgora ordnar [&hellip;]<\/p>\n","protected":false},"author":1,"featured_media":4271,"parent":2011,"menu_order":0,"comment_status":"closed","ping_status":"open","template":"page-instituutti.php","meta":{"_acf_changed":false,"footnotes":""},"class_list":["post-2246","page","type-page","status-publish","has-post-thumbnail","hentry"],"acf":[],"_links":{"self":[{"href":"https:\/\/instituutit.fi\/sv\/wp-json\/wp\/v2\/pages\/2246","targetHints":{"allow":["GET"]}}],"collection":[{"href":"https:\/\/instituutit.fi\/sv\/wp-json\/wp\/v2\/pages"}],"about":[{"href":"https:\/\/instituutit.fi\/sv\/wp-json\/wp\/v2\/types\/page"}],"author":[{"embeddable":true,"href":"https:\/\/instituutit.fi\/sv\/wp-json\/wp\/v2\/users\/1"}],"replies":[{"embeddable":true,"href":"https:\/\/instituutit.fi\/sv\/wp-json\/wp\/v2\/comments?post=2246"}],"version-history":[{"count":9,"href":"https:\/\/instituutit.fi\/sv\/wp-json\/wp\/v2\/pages\/2246\/revisions"}],"predecessor-version":[{"id":7451,"href":"https:\/\/instituutit.fi\/sv\/wp-json\/wp\/v2\/pages\/2246\/revisions\/7451"}],"up":[{"embeddable":true,"href":"https:\/\/instituutit.fi\/sv\/wp-json\/wp\/v2\/pages\/2011"}],"wp:featuredmedia":[{"embeddable":true,"href":"https:\/\/instituutit.fi\/sv\/wp-json\/wp\/v2\/media\/4271"}],"wp:attachment":[{"href":"https:\/\/instituutit.fi\/sv\/wp-json\/wp\/v2\/media?parent=2246"}],"curies":[{"name":"wp","href":"https:\/\/api.w.org\/{rel}","templated":true}]}}