{"id":2214,"date":"2015-09-01T17:55:55","date_gmt":"2015-09-01T14:55:55","guid":{"rendered":"http:\/\/instituutitfi.virtualserver19.nebula.fi\/?page_id=2214"},"modified":"2025-01-15T15:38:23","modified_gmt":"2025-01-15T12:38:23","slug":"finlands-kulturinstitut-i-danmark","status":"publish","type":"page","link":"https:\/\/instituutit.fi\/sv\/institut\/finlands-kulturinstitut-i-danmark\/","title":{"rendered":"Finlands kulturinstitut i Danmark"},"content":{"rendered":"<p>Finlands kulturinstitut i Danmark representerar finl\u00e4ndskt kunnande inom nutidskonst och scenkonst. Syftet med v\u00e5r verksamhet \u00e4r att skapa och uppr\u00e4tth\u00e5lla dialog mellan danska och finl\u00e4ndska kulturarbetare, samt vara en f\u00f6rmedlare mellan akt\u00f6rerna och den stora publiken. Vi arbetar med utst\u00e4llningsprojekt, export av samtidsdrama och andra evenemang, som genomf\u00f6rs i samarbete med danska och finl\u00e4ndska samarbetsparter. Kulturinstitutet har inga egna utst\u00e4llningsutrymmen. V\u00e5rt m\u00e5l \u00e4r att skapa v\u00e4xelverkan mellan olika konstformer och att hela tiden uppdatera v\u00e5ra n\u00e4tverk.<\/p>\n<p>Finlands kulturinstitut i Danmark f\u00f6ljer aktivt med aktuella fenomen inom det finl\u00e4ndska och danska kulturf\u00e4ltet. Vi fr\u00e4mjar internationell dialog genom att erbjuda en plattform f\u00f6r och sj\u00e4lv delta i diskussion.<\/p>\n<p>Finlands kulturinstitut i Danmark (stiftelsen) grundades 1991. Kulturinstitutet \u00e4r en sj\u00e4lvst\u00e4ndig och allm\u00e4nnyttig organisation som finansieras av undervisnings- och kulturministeriet i Finland och av \u00f6vriga offentliga och privata finansi\u00e4rer. Kulturinstitutet uppr\u00e4tth\u00e5lls av en dansk stiftelse.<\/p>\n","protected":false},"excerpt":{"rendered":"<p>Finlands kulturinstitut i Danmark representerar finl\u00e4ndskt kunnande inom nutidskonst och scenkonst. Syftet med v\u00e5r verksamhet \u00e4r att skapa och uppr\u00e4tth\u00e5lla dialog mellan danska och finl\u00e4ndska kulturarbetare, samt vara en f\u00f6rmedlare mellan akt\u00f6rerna och den stora publiken. Vi arbetar med utst\u00e4llningsprojekt, export av samtidsdrama och andra evenemang, som genomf\u00f6rs i samarbete med danska och finl\u00e4ndska samarbetsparter. [&hellip;]<\/p>\n","protected":false},"author":1,"featured_media":4349,"parent":2011,"menu_order":0,"comment_status":"closed","ping_status":"open","template":"page-instituutti.php","meta":{"_acf_changed":false,"footnotes":""},"class_list":["post-2214","page","type-page","status-publish","has-post-thumbnail","hentry"],"acf":[],"_links":{"self":[{"href":"https:\/\/instituutit.fi\/sv\/wp-json\/wp\/v2\/pages\/2214","targetHints":{"allow":["GET"]}}],"collection":[{"href":"https:\/\/instituutit.fi\/sv\/wp-json\/wp\/v2\/pages"}],"about":[{"href":"https:\/\/instituutit.fi\/sv\/wp-json\/wp\/v2\/types\/page"}],"author":[{"embeddable":true,"href":"https:\/\/instituutit.fi\/sv\/wp-json\/wp\/v2\/users\/1"}],"replies":[{"embeddable":true,"href":"https:\/\/instituutit.fi\/sv\/wp-json\/wp\/v2\/comments?post=2214"}],"version-history":[{"count":12,"href":"https:\/\/instituutit.fi\/sv\/wp-json\/wp\/v2\/pages\/2214\/revisions"}],"predecessor-version":[{"id":8029,"href":"https:\/\/instituutit.fi\/sv\/wp-json\/wp\/v2\/pages\/2214\/revisions\/8029"}],"up":[{"embeddable":true,"href":"https:\/\/instituutit.fi\/sv\/wp-json\/wp\/v2\/pages\/2011"}],"wp:featuredmedia":[{"embeddable":true,"href":"https:\/\/instituutit.fi\/sv\/wp-json\/wp\/v2\/media\/4349"}],"wp:attachment":[{"href":"https:\/\/instituutit.fi\/sv\/wp-json\/wp\/v2\/media?parent=2214"}],"curies":[{"name":"wp","href":"https:\/\/api.w.org\/{rel}","templated":true}]}}