{"id":2210,"date":"2015-09-01T18:13:23","date_gmt":"2015-09-01T15:13:23","guid":{"rendered":"http:\/\/instituutitfi.virtualserver19.nebula.fi\/?page_id=2210"},"modified":"2024-07-04T14:31:19","modified_gmt":"2024-07-04T11:31:19","slug":"finsk-norsk-kulturinstitut","status":"publish","type":"page","link":"https:\/\/instituutit.fi\/sv\/institut\/finsk-norsk-kulturinstitut\/","title":{"rendered":"Finsk-norsk kulturinstitut"},"content":{"rendered":"<p>Finsk-norsk kulturinstitutt (FINNO) fr\u00e4mjar kulturutbyte mellan Finland och Norge. V\u00e5r uppgift \u00e4r att st\u00e4rka samarbetet, dialogen och mobiliteten mellan professionella konst- och kulturakt\u00f6rer i b\u00e5da l\u00e4nderna.<\/p>\n<p>Kulturinstitutet grundades 1997 och ligger i Oslo, men ins3tutet \u00e4r verksamt i hela Norge. Evenemangen och projekten genomf\u00f6rs alltid i samarbete med norska och \ufb01nska partner. Institutet har igen egen evenemangslokal.<\/p>\n<p>Tv\u00e5 bilaterala kulturfonder, Kulturfonden f\u00f6r Finland och Norge och Norsk-\ufb01nsk kulturfond, st\u00e5r bakom institutet.<\/p>\n","protected":false},"excerpt":{"rendered":"<p>Finsk-norsk kulturinstitutt (FINNO) fr\u00e4mjar kulturutbyte mellan Finland och Norge. V\u00e5r uppgift \u00e4r att st\u00e4rka samarbetet, dialogen och mobiliteten mellan professionella konst- och kulturakt\u00f6rer i b\u00e5da l\u00e4nderna. Kulturinstitutet grundades 1997 och ligger i Oslo, men ins3tutet \u00e4r verksamt i hela Norge. Evenemangen och projekten genomf\u00f6rs alltid i samarbete med norska och \ufb01nska partner. Institutet har igen [&hellip;]<\/p>\n","protected":false},"author":1,"featured_media":6947,"parent":2011,"menu_order":0,"comment_status":"closed","ping_status":"open","template":"page-instituutti.php","meta":{"_acf_changed":false,"footnotes":""},"class_list":["post-2210","page","type-page","status-publish","has-post-thumbnail","hentry"],"acf":[],"_links":{"self":[{"href":"https:\/\/instituutit.fi\/sv\/wp-json\/wp\/v2\/pages\/2210","targetHints":{"allow":["GET"]}}],"collection":[{"href":"https:\/\/instituutit.fi\/sv\/wp-json\/wp\/v2\/pages"}],"about":[{"href":"https:\/\/instituutit.fi\/sv\/wp-json\/wp\/v2\/types\/page"}],"author":[{"embeddable":true,"href":"https:\/\/instituutit.fi\/sv\/wp-json\/wp\/v2\/users\/1"}],"replies":[{"embeddable":true,"href":"https:\/\/instituutit.fi\/sv\/wp-json\/wp\/v2\/comments?post=2210"}],"version-history":[{"count":11,"href":"https:\/\/instituutit.fi\/sv\/wp-json\/wp\/v2\/pages\/2210\/revisions"}],"predecessor-version":[{"id":7470,"href":"https:\/\/instituutit.fi\/sv\/wp-json\/wp\/v2\/pages\/2210\/revisions\/7470"}],"up":[{"embeddable":true,"href":"https:\/\/instituutit.fi\/sv\/wp-json\/wp\/v2\/pages\/2011"}],"wp:featuredmedia":[{"embeddable":true,"href":"https:\/\/instituutit.fi\/sv\/wp-json\/wp\/v2\/media\/6947"}],"wp:attachment":[{"href":"https:\/\/instituutit.fi\/sv\/wp-json\/wp\/v2\/media?parent=2210"}],"curies":[{"name":"wp","href":"https:\/\/api.w.org\/{rel}","templated":true}]}}