{"id":2206,"date":"2015-09-01T18:16:09","date_gmt":"2015-09-01T15:16:09","guid":{"rendered":"http:\/\/instituutitfi.virtualserver19.nebula.fi\/?page_id=2206"},"modified":"2020-04-30T14:06:19","modified_gmt":"2020-04-30T11:06:19","slug":"institutum-romanum-finlandiae","status":"publish","type":"page","link":"https:\/\/instituutit.fi\/sv\/institut\/institutum-romanum-finlandiae\/","title":{"rendered":"Institutum Romanum Finlandiae"},"content":{"rendered":"<p>Finlands Rominstitut, som grundades \u00e5r 1954, \u00e4r landets \u00e4ldsta institut i utlandet och finns i ren\u00e4ssansvillan Villa Lante.<\/p>\n<p>Fokus i v\u00e5r verksamhet ligger p\u00e5 vetenskaplig humanistisk forskning och undervisning och vi str\u00e4var till att g\u00f6ra det romerska kulturarvet k\u00e4nt i Finland. Institutets vetenskapliga verksamhet byggs upp kring den aktuella direkt\u00f6rens eget forskningsarbete. Forskningsomr\u00e5dena \u00e4r antikens och medeltida historia, klassisk filologi, arkeologi och konsthistoria. Institutet \u00e4r s\u00e4rskilt k\u00e4nt f\u00f6r sin epigrafiska forskning. Dessutom fungerar institutet som residens f\u00f6r stipendiater, forskare inom olika omr\u00e5den samt representanter f\u00f6r olika konstgrenar. Det finns ocks\u00e5 ett vetenskapligt bibliotek i institutet.<\/p>\n<p>Institutet uppr\u00e4tth\u00e5lls av Stiftelsen Institutum Romanum Finlandiae. Verksamheten st\u00f6ds av institutets v\u00e4nf\u00f6rening, vars medlemmar f\u00e5r f\u00f6lja med institutets forsknings- och kulturverksamhet p\u00e5 n\u00e4ra h\u00e5ll.<\/p>\n","protected":false},"excerpt":{"rendered":"<p>Finlands Rominstitut, som grundades \u00e5r 1954, \u00e4r landets \u00e4ldsta institut i utlandet och finns i ren\u00e4ssansvillan Villa Lante. Fokus i v\u00e5r verksamhet ligger p\u00e5 vetenskaplig humanistisk forskning och undervisning och vi str\u00e4var till att g\u00f6ra det romerska kulturarvet k\u00e4nt i Finland. Institutets vetenskapliga verksamhet byggs upp kring den aktuella direkt\u00f6rens eget forskningsarbete. Forskningsomr\u00e5dena \u00e4r antikens [&hellip;]<\/p>\n","protected":false},"author":1,"featured_media":4495,"parent":2011,"menu_order":0,"comment_status":"closed","ping_status":"open","template":"page-instituutti.php","meta":{"_acf_changed":false,"footnotes":""},"class_list":["post-2206","page","type-page","status-publish","has-post-thumbnail","hentry"],"acf":[],"_links":{"self":[{"href":"https:\/\/instituutit.fi\/sv\/wp-json\/wp\/v2\/pages\/2206","targetHints":{"allow":["GET"]}}],"collection":[{"href":"https:\/\/instituutit.fi\/sv\/wp-json\/wp\/v2\/pages"}],"about":[{"href":"https:\/\/instituutit.fi\/sv\/wp-json\/wp\/v2\/types\/page"}],"author":[{"embeddable":true,"href":"https:\/\/instituutit.fi\/sv\/wp-json\/wp\/v2\/users\/1"}],"replies":[{"embeddable":true,"href":"https:\/\/instituutit.fi\/sv\/wp-json\/wp\/v2\/comments?post=2206"}],"version-history":[{"count":7,"href":"https:\/\/instituutit.fi\/sv\/wp-json\/wp\/v2\/pages\/2206\/revisions"}],"predecessor-version":[{"id":4498,"href":"https:\/\/instituutit.fi\/sv\/wp-json\/wp\/v2\/pages\/2206\/revisions\/4498"}],"up":[{"embeddable":true,"href":"https:\/\/instituutit.fi\/sv\/wp-json\/wp\/v2\/pages\/2011"}],"wp:featuredmedia":[{"embeddable":true,"href":"https:\/\/instituutit.fi\/sv\/wp-json\/wp\/v2\/media\/4495"}],"wp:attachment":[{"href":"https:\/\/instituutit.fi\/sv\/wp-json\/wp\/v2\/media?parent=2206"}],"curies":[{"name":"wp","href":"https:\/\/api.w.org\/{rel}","templated":true}]}}