{"id":2200,"date":"2015-09-01T18:02:47","date_gmt":"2015-09-01T15:02:47","guid":{"rendered":"http:\/\/instituutitfi.virtualserver19.nebula.fi\/?page_id=2200"},"modified":"2024-07-04T12:25:57","modified_gmt":"2024-07-04T09:25:57","slug":"finlandsinstitutet-i-madrid","status":"publish","type":"page","link":"https:\/\/instituutit.fi\/sv\/institut\/finlandsinstitutet-i-madrid\/","title":{"rendered":"Finlandsinstitutet i Madrid"},"content":{"rendered":"<p>Finlandsinstitutet i Madrid fr\u00e4mjar kunskap om finl\u00e4ndsk kultur, konst, vetenskap och ekonomi i den spansk- och portugisisktalande v\u00e4rlden. Samtidigt bidrar institutet till st\u00f6rre k\u00e4nnedom i Finland om det h\u00e4r kulturellt och ekonomiskt viktiga spr\u00e5komr\u00e5det.<\/p>\n<p>Institutet arbetar f\u00f6r ett \u00f6msesidigt kulturutbyte och samarbetar med bl.a. konstcenter, ambassader, kulturinstitut, universitet, ekonomiska representanter och f\u00f6retag. Institutet ger \u00e4ven ut den vetenskapliga publikationsserien Acta Ibero-Americana Fennica.<\/p>\n<p>Verksamhetsomr\u00e5det str\u00e4cker sig \u00f6ver alla de omr\u00e5den och l\u00e4nder d\u00e4r man talar spanska och portugisiska. Verksamheten \u00e4r fr\u00e4mst koncentrerad till Spanien och Latinamerika samt Portugal. Institutet har ett n\u00e4tverk av ombudsm\u00e4n i sitt vidstr\u00e4ckta verksamhetsomr\u00e5de. Institutets kontor, utst\u00e4llningsutrymme och bilbiotek finns i centrala Madrid. Institutet har \u00e4ven ett kontor vid Complutense-universitetet som varit en samarbetspartner sedan starten 1996. Institutet uppr\u00e4tth\u00e5lls av den Iberisk-amerikanska stiftelsen.<\/p>\n","protected":false},"excerpt":{"rendered":"<p>Finlandsinstitutet i Madrid fr\u00e4mjar kunskap om finl\u00e4ndsk kultur, konst, vetenskap och ekonomi i den spansk- och portugisisktalande v\u00e4rlden. Samtidigt bidrar institutet till st\u00f6rre k\u00e4nnedom i Finland om det h\u00e4r kulturellt och ekonomiskt viktiga spr\u00e5komr\u00e5det. Institutet arbetar f\u00f6r ett \u00f6msesidigt kulturutbyte och samarbetar med bl.a. konstcenter, ambassader, kulturinstitut, universitet, ekonomiska representanter och f\u00f6retag. Institutet ger \u00e4ven [&hellip;]<\/p>\n","protected":false},"author":1,"featured_media":7430,"parent":2011,"menu_order":0,"comment_status":"closed","ping_status":"open","template":"page-instituutti.php","meta":{"_acf_changed":false,"footnotes":""},"class_list":["post-2200","page","type-page","status-publish","has-post-thumbnail","hentry"],"acf":[],"_links":{"self":[{"href":"https:\/\/instituutit.fi\/sv\/wp-json\/wp\/v2\/pages\/2200","targetHints":{"allow":["GET"]}}],"collection":[{"href":"https:\/\/instituutit.fi\/sv\/wp-json\/wp\/v2\/pages"}],"about":[{"href":"https:\/\/instituutit.fi\/sv\/wp-json\/wp\/v2\/types\/page"}],"author":[{"embeddable":true,"href":"https:\/\/instituutit.fi\/sv\/wp-json\/wp\/v2\/users\/1"}],"replies":[{"embeddable":true,"href":"https:\/\/instituutit.fi\/sv\/wp-json\/wp\/v2\/comments?post=2200"}],"version-history":[{"count":11,"href":"https:\/\/instituutit.fi\/sv\/wp-json\/wp\/v2\/pages\/2200\/revisions"}],"predecessor-version":[{"id":7432,"href":"https:\/\/instituutit.fi\/sv\/wp-json\/wp\/v2\/pages\/2200\/revisions\/7432"}],"up":[{"embeddable":true,"href":"https:\/\/instituutit.fi\/sv\/wp-json\/wp\/v2\/pages\/2011"}],"wp:featuredmedia":[{"embeddable":true,"href":"https:\/\/instituutit.fi\/sv\/wp-json\/wp\/v2\/media\/7430"}],"wp:attachment":[{"href":"https:\/\/instituutit.fi\/sv\/wp-json\/wp\/v2\/media?parent=2200"}],"curies":[{"name":"wp","href":"https:\/\/api.w.org\/{rel}","templated":true}]}}