{"id":2195,"date":"2015-09-09T11:27:53","date_gmt":"2015-09-09T08:27:53","guid":{"rendered":"http:\/\/instituutitfi.virtualserver19.nebula.fi\/?page_id=2195"},"modified":"2024-07-04T12:13:53","modified_gmt":"2024-07-04T09:13:53","slug":"finlands-institut-i-estland","status":"publish","type":"page","link":"https:\/\/instituutit.fi\/sv\/institut\/finlands-institut-i-estland\/","title":{"rendered":"Finlands institut i Estland"},"content":{"rendered":"<p>Finlands institut i Estland har i uppdrag att fr\u00e4mja kultur- och spr\u00e5ksamarbete mellan Finland och Estland och att st\u00e4rka kontakterna mellan l\u00e4nderna inom konst, utbildning och \u00f6vriga samh\u00e4llsomr\u00e5den. Institutet f\u00f6ljer med samh\u00e4llsutvecklingen i Estland och deltar i den genom sin programverksamhet. Samtidigt f\u00f6r institutet samman professionella akt\u00f6rer fr\u00e5n Finland och Estland och fr\u00e4mjar samarbetet mellan l\u00e4nderna.<\/p>\n<p>Finlands institut i Estland har sitt kontor i Tallinn och ett f\u00f6r allm\u00e4nheten \u00f6ppet bibliotek i Tarto. Institutet ordnar \u00e4ven enligt m\u00f6jlighet program i Lettland och Litauen. Institutet grundades 1991 och uppr\u00e4tth\u00e5lls av Stiftelsen f\u00f6r Finlands Institut i Estland.<\/p>\n","protected":false},"excerpt":{"rendered":"<p>Finlands institut i Estland har i uppdrag att fr\u00e4mja kultur- och spr\u00e5ksamarbete mellan Finland och Estland och att st\u00e4rka kontakterna mellan l\u00e4nderna inom konst, utbildning och \u00f6vriga samh\u00e4llsomr\u00e5den. Institutet f\u00f6ljer med samh\u00e4llsutvecklingen i Estland och deltar i den genom sin programverksamhet. Samtidigt f\u00f6r institutet samman professionella akt\u00f6rer fr\u00e5n Finland och Estland och fr\u00e4mjar samarbetet mellan [&hellip;]<\/p>\n","protected":false},"author":1,"featured_media":4504,"parent":2011,"menu_order":0,"comment_status":"closed","ping_status":"open","template":"page-instituutti.php","meta":{"_acf_changed":false,"footnotes":""},"class_list":["post-2195","page","type-page","status-publish","has-post-thumbnail","hentry"],"acf":[],"_links":{"self":[{"href":"https:\/\/instituutit.fi\/sv\/wp-json\/wp\/v2\/pages\/2195","targetHints":{"allow":["GET"]}}],"collection":[{"href":"https:\/\/instituutit.fi\/sv\/wp-json\/wp\/v2\/pages"}],"about":[{"href":"https:\/\/instituutit.fi\/sv\/wp-json\/wp\/v2\/types\/page"}],"author":[{"embeddable":true,"href":"https:\/\/instituutit.fi\/sv\/wp-json\/wp\/v2\/users\/1"}],"replies":[{"embeddable":true,"href":"https:\/\/instituutit.fi\/sv\/wp-json\/wp\/v2\/comments?post=2195"}],"version-history":[{"count":10,"href":"https:\/\/instituutit.fi\/sv\/wp-json\/wp\/v2\/pages\/2195\/revisions"}],"predecessor-version":[{"id":7424,"href":"https:\/\/instituutit.fi\/sv\/wp-json\/wp\/v2\/pages\/2195\/revisions\/7424"}],"up":[{"embeddable":true,"href":"https:\/\/instituutit.fi\/sv\/wp-json\/wp\/v2\/pages\/2011"}],"wp:featuredmedia":[{"embeddable":true,"href":"https:\/\/instituutit.fi\/sv\/wp-json\/wp\/v2\/media\/4504"}],"wp:attachment":[{"href":"https:\/\/instituutit.fi\/sv\/wp-json\/wp\/v2\/media?parent=2195"}],"curies":[{"name":"wp","href":"https:\/\/api.w.org\/{rel}","templated":true}]}}