{"id":2190,"date":"2015-09-07T14:17:23","date_gmt":"2015-09-07T11:17:23","guid":{"rendered":"http:\/\/instituutitfi.virtualserver19.nebula.fi\/?page_id=2190"},"modified":"2024-07-04T14:23:24","modified_gmt":"2024-07-04T11:23:24","slug":"finlands-institut-i-london","status":"publish","type":"page","link":"https:\/\/instituutit.fi\/sv\/institut\/finlands-institut-i-london\/","title":{"rendered":"Finlandsinstitutet i Storbritannien och Irland"},"content":{"rendered":"<p dir=\"ltr\"><span id=\"m_1790604572784396390gmail-docs-internal-guid-9fa01274-7fff-c42c-1d62-ce3622530a7e\">Finlandsinstitutet i Storbritannien och Irland<\/span> \u00e4r en expert p\u00e5 finl\u00e4ndsk kultur och samh\u00e4lle i Storbritannien och Republiken Irland. Institutet st\u00f6der finl\u00e4ndska konstn\u00e4rers och experters r\u00f6rlighet, producerar evenemang och ger experthj\u00e4lp.<\/p>\n<p dir=\"ltr\">Institutet formar partnerskap med de fr\u00e4msta och intressantaste organisationerna i Storbritannien och Irland, st\u00f6der forskning, det kreativa f\u00e4ltet samt social innovation. Institutet gynnar tv\u00e4rvetenskapliga och gr\u00e4nsbrytande n\u00e4tverk och partnerskap. Institutet grundades 1991 och uppr\u00e4tth\u00e5lls av Stiftelsen f\u00f6r <span id=\"m_1790604572784396390gmail-docs-internal-guid-9fa01274-7fff-c42c-1d62-ce3622530a7e\">Finlandsinstitutet i Storbritannien och Irland<\/span>.<\/p>\n","protected":false},"excerpt":{"rendered":"<p>Finlandsinstitutet i Storbritannien och Irland \u00e4r en expert p\u00e5 finl\u00e4ndsk kultur och samh\u00e4lle i Storbritannien och Republiken Irland. Institutet st\u00f6der finl\u00e4ndska konstn\u00e4rers och experters r\u00f6rlighet, producerar evenemang och ger experthj\u00e4lp. Institutet formar partnerskap med de fr\u00e4msta och intressantaste organisationerna i Storbritannien och Irland, st\u00f6der forskning, det kreativa f\u00e4ltet samt social innovation. Institutet gynnar tv\u00e4rvetenskapliga och [&hellip;]<\/p>\n","protected":false},"author":1,"featured_media":7463,"parent":2011,"menu_order":0,"comment_status":"closed","ping_status":"open","template":"page-instituutti.php","meta":{"_acf_changed":false,"footnotes":""},"class_list":["post-2190","page","type-page","status-publish","has-post-thumbnail","hentry"],"acf":[],"_links":{"self":[{"href":"https:\/\/instituutit.fi\/sv\/wp-json\/wp\/v2\/pages\/2190","targetHints":{"allow":["GET"]}}],"collection":[{"href":"https:\/\/instituutit.fi\/sv\/wp-json\/wp\/v2\/pages"}],"about":[{"href":"https:\/\/instituutit.fi\/sv\/wp-json\/wp\/v2\/types\/page"}],"author":[{"embeddable":true,"href":"https:\/\/instituutit.fi\/sv\/wp-json\/wp\/v2\/users\/1"}],"replies":[{"embeddable":true,"href":"https:\/\/instituutit.fi\/sv\/wp-json\/wp\/v2\/comments?post=2190"}],"version-history":[{"count":12,"href":"https:\/\/instituutit.fi\/sv\/wp-json\/wp\/v2\/pages\/2190\/revisions"}],"predecessor-version":[{"id":7468,"href":"https:\/\/instituutit.fi\/sv\/wp-json\/wp\/v2\/pages\/2190\/revisions\/7468"}],"up":[{"embeddable":true,"href":"https:\/\/instituutit.fi\/sv\/wp-json\/wp\/v2\/pages\/2011"}],"wp:featuredmedia":[{"embeddable":true,"href":"https:\/\/instituutit.fi\/sv\/wp-json\/wp\/v2\/media\/7463"}],"wp:attachment":[{"href":"https:\/\/instituutit.fi\/sv\/wp-json\/wp\/v2\/media?parent=2190"}],"curies":[{"name":"wp","href":"https:\/\/api.w.org\/{rel}","templated":true}]}}