{"id":2186,"date":"2015-09-01T18:08:03","date_gmt":"2015-09-01T15:08:03","guid":{"rendered":"http:\/\/instituutitfi.virtualserver19.nebula.fi\/?page_id=2186"},"modified":"2025-05-28T17:11:38","modified_gmt":"2025-05-28T14:11:38","slug":"finlands-kulturinstitut-i-new-york","status":"publish","type":"page","link":"https:\/\/instituutit.fi\/sv\/institut\/finlands-kulturinstitut-i-new-york\/","title":{"rendered":"Finlands kulturinstitut i New York"},"content":{"rendered":"<p>Finlands kulturinstitut i New York arbetar med nutidskonst, design och arkitektur. Institutet skapar n\u00e4tverk mellan finl\u00e4ndska och amerikanska professionella kulturut\u00f6vare, organisationer och publik.<\/p>\n<p>Institutet uppr\u00e4tth\u00e5ller mobilitets- och konstn\u00e4rsresidensprogram samt producerar och ordnar aktuella utst\u00e4llningar och evenemang. Ut\u00f6ver detta verkar institutet f\u00f6r att informera den nordamerikanska publiken om finl\u00e4ndsk nutidskonst, design och arkitektur. Institutet samarbetar aktivt med lokala museer, gallerier och \u00f6vriga professionella akt\u00f6rer inom kulturf\u00e4ltet.<\/p>\n<p>Institutets kontor ligger p\u00e5 Manhattan. Residensl\u00e4genheterna, som riktar sig till finl\u00e4ndska arkitekter, bildkonstn\u00e4rer och designerns, \u00e4r bel\u00e4gna i New York.<\/p>\n<p>Stiftelsen f\u00f6r Finlands kulturinstitut i New York grundades \u00e5r 1990 av Konstn\u00e4rsgillet i Finland, Finlands arkitektf\u00f6rbund och Industrikonstf\u00f6rbundet Ornamo.<\/p>\n","protected":false},"excerpt":{"rendered":"<p>Finlands kulturinstitut i New York arbetar med nutidskonst, design och arkitektur. Institutet skapar n\u00e4tverk mellan finl\u00e4ndska och amerikanska professionella kulturut\u00f6vare, organisationer och publik. Institutet uppr\u00e4tth\u00e5ller mobilitets- och konstn\u00e4rsresidensprogram samt producerar och ordnar aktuella utst\u00e4llningar och evenemang. Ut\u00f6ver detta verkar institutet f\u00f6r att informera den nordamerikanska publiken om finl\u00e4ndsk nutidskonst, design och arkitektur. Institutet samarbetar aktivt [&hellip;]<\/p>\n","protected":false},"author":1,"featured_media":7456,"parent":2011,"menu_order":0,"comment_status":"closed","ping_status":"open","template":"page-instituutti.php","meta":{"_acf_changed":false,"footnotes":""},"class_list":["post-2186","page","type-page","status-publish","has-post-thumbnail","hentry"],"acf":[],"_links":{"self":[{"href":"https:\/\/instituutit.fi\/sv\/wp-json\/wp\/v2\/pages\/2186","targetHints":{"allow":["GET"]}}],"collection":[{"href":"https:\/\/instituutit.fi\/sv\/wp-json\/wp\/v2\/pages"}],"about":[{"href":"https:\/\/instituutit.fi\/sv\/wp-json\/wp\/v2\/types\/page"}],"author":[{"embeddable":true,"href":"https:\/\/instituutit.fi\/sv\/wp-json\/wp\/v2\/users\/1"}],"replies":[{"embeddable":true,"href":"https:\/\/instituutit.fi\/sv\/wp-json\/wp\/v2\/comments?post=2186"}],"version-history":[{"count":13,"href":"https:\/\/instituutit.fi\/sv\/wp-json\/wp\/v2\/pages\/2186\/revisions"}],"predecessor-version":[{"id":8410,"href":"https:\/\/instituutit.fi\/sv\/wp-json\/wp\/v2\/pages\/2186\/revisions\/8410"}],"up":[{"embeddable":true,"href":"https:\/\/instituutit.fi\/sv\/wp-json\/wp\/v2\/pages\/2011"}],"wp:featuredmedia":[{"embeddable":true,"href":"https:\/\/instituutit.fi\/sv\/wp-json\/wp\/v2\/media\/7456"}],"wp:attachment":[{"href":"https:\/\/instituutit.fi\/sv\/wp-json\/wp\/v2\/media?parent=2186"}],"curies":[{"name":"wp","href":"https:\/\/api.w.org\/{rel}","templated":true}]}}