{"id":2090,"date":"2015-09-01T17:57:36","date_gmt":"2015-09-01T14:57:36","guid":{"rendered":"http:\/\/instituutitfi.virtualserver19.nebula.fi\/?page_id=2090"},"modified":"2024-07-04T12:19:20","modified_gmt":"2024-07-04T09:19:20","slug":"finlands-mellanosterninstitut","status":"publish","type":"page","link":"https:\/\/instituutit.fi\/sv\/institut\/finlands-mellanosterninstitut\/","title":{"rendered":"Finlands Mellan\u00f6sterninstitut"},"content":{"rendered":"<p>Finlands Mellan\u00f6sterninstitut (FIME) \u00e4r ett vetenskapsinstitut med verksamhet i hela Mellan\u00f6stern.<\/p>\n<p>Institutet st\u00f6der forskning med anknytning till Mellan\u00f6stern och ordnar undervisning i samarbete med finl\u00e4ndska och lokala universitet och h\u00f6gskolor. Vi fr\u00e4mjar vetenskapligt och kulturellt samarbete mellan Finland och Mellan\u00f6stern och g\u00f6r Finland k\u00e4nt i omr\u00e5det.<\/p>\n<p>Sedan 2013 har Finlands Mellan\u00f6sterninstituts kontor funnits i Beirut. Institutet uppr\u00e4tth\u00e5lls av Stiftelsen f\u00f6r Finlands Mellan\u00f6sterninstitut grundades 1994. Verksamhetens st\u00f6ds dessutom av institutets v\u00e4nf\u00f6rening.<\/p>\n","protected":false},"excerpt":{"rendered":"<p>Finlands Mellan\u00f6sterninstitut (FIME) \u00e4r ett vetenskapsinstitut med verksamhet i hela Mellan\u00f6stern. Institutet st\u00f6der forskning med anknytning till Mellan\u00f6stern och ordnar undervisning i samarbete med finl\u00e4ndska och lokala universitet och h\u00f6gskolor. Vi fr\u00e4mjar vetenskapligt och kulturellt samarbete mellan Finland och Mellan\u00f6stern och g\u00f6r Finland k\u00e4nt i omr\u00e5det. Sedan 2013 har Finlands Mellan\u00f6sterninstituts kontor funnits i Beirut. [&hellip;]<\/p>\n","protected":false},"author":1,"featured_media":4175,"parent":2011,"menu_order":0,"comment_status":"closed","ping_status":"open","template":"page-instituutti.php","meta":{"_acf_changed":false,"footnotes":""},"class_list":["post-2090","page","type-page","status-publish","has-post-thumbnail","hentry"],"acf":[],"_links":{"self":[{"href":"https:\/\/instituutit.fi\/sv\/wp-json\/wp\/v2\/pages\/2090","targetHints":{"allow":["GET"]}}],"collection":[{"href":"https:\/\/instituutit.fi\/sv\/wp-json\/wp\/v2\/pages"}],"about":[{"href":"https:\/\/instituutit.fi\/sv\/wp-json\/wp\/v2\/types\/page"}],"author":[{"embeddable":true,"href":"https:\/\/instituutit.fi\/sv\/wp-json\/wp\/v2\/users\/1"}],"replies":[{"embeddable":true,"href":"https:\/\/instituutit.fi\/sv\/wp-json\/wp\/v2\/comments?post=2090"}],"version-history":[{"count":9,"href":"https:\/\/instituutit.fi\/sv\/wp-json\/wp\/v2\/pages\/2090\/revisions"}],"predecessor-version":[{"id":7427,"href":"https:\/\/instituutit.fi\/sv\/wp-json\/wp\/v2\/pages\/2090\/revisions\/7427"}],"up":[{"embeddable":true,"href":"https:\/\/instituutit.fi\/sv\/wp-json\/wp\/v2\/pages\/2011"}],"wp:featuredmedia":[{"embeddable":true,"href":"https:\/\/instituutit.fi\/sv\/wp-json\/wp\/v2\/media\/4175"}],"wp:attachment":[{"href":"https:\/\/instituutit.fi\/sv\/wp-json\/wp\/v2\/media?parent=2090"}],"curies":[{"name":"wp","href":"https:\/\/api.w.org\/{rel}","templated":true}]}}