{"id":2087,"date":"2015-02-01T17:50:53","date_gmt":"2015-02-01T14:50:53","guid":{"rendered":"http:\/\/instituutitfi.virtualserver19.nebula.fi\/?page_id=2087"},"modified":"2025-09-19T12:36:30","modified_gmt":"2025-09-19T09:36:30","slug":"finlandsinstitutet-i-tyskland","status":"publish","type":"page","link":"https:\/\/instituutit.fi\/sv\/institut\/finlandsinstitutet-i-tyskland\/","title":{"rendered":"Finlandsinstitutet i Tyskland"},"content":{"rendered":"<p>Finlandsinstitutet i Tyskland skapar n\u00e4tverk och fungerar som r\u00e5dgivare f\u00f6r olika akt\u00f6rer inom kultur och vetenskap. Institutet erbjuder tillsammans med sina samarbetsparter ett m\u00e5ngsidigt programutbud f\u00f6r kultur- och samh\u00e4llsintresserade.<\/p>\n<p>V\u00e5r centrala uppgift \u00e4r att f\u00f6ra samman experter fr\u00e5n tyskspr\u00e5kiga Europa och Finland och d\u00e4rmed fr\u00e4mja l\u00e5ngvariga samarbetsf\u00f6rh\u00e5llanden samt dialogen. Inom ramen f\u00f6r olika projekt samarbetar vi med olika konstn\u00e4rer och forskare. Tyngdpunkten i v\u00e5r verksamhet \u00e4r att utveckla nytt inneh\u00e5ll, nya verksamhetsomr\u00e5den och format tillsammans med v\u00e5ra partners fr\u00e5n Tyskland, \u00d6sterrike, Schweiz samt naturligtvis Finland.<\/p>\n<p>Institutet, som grundades 1994, uppr\u00e4tth\u00e5lls av Stiftelsen f\u00f6r Finlands Institut i Tyskland.<\/p>\n<div id='gallery-1' class='gallery galleryid-2087 gallery-columns-3 gallery-size-thumbnail'><figure class='gallery-item'>\n\t\t\t<div class='gallery-icon landscape'>\n\t\t\t\t<a href='https:\/\/instituutit.fi\/sv\/institut\/finlandsinstitutet-i-tyskland\/img_2770_kl-2\/'><img loading=\"lazy\" decoding=\"async\" width=\"300\" height=\"300\" src=\"https:\/\/instituutit.fi\/hallinta\/wp-content\/uploads\/2024\/07\/IMG_2770_kl-300x300.jpg\" class=\"attachment-thumbnail size-thumbnail\" alt=\"Kuvassa Saksan instituutin henkil\u00f6kuntaa\" srcset=\"https:\/\/instituutit.fi\/hallinta\/wp-content\/uploads\/2024\/07\/IMG_2770_kl-300x300.jpg 300w, https:\/\/instituutit.fi\/hallinta\/wp-content\/uploads\/2024\/07\/IMG_2770_kl-335x335.jpg 335w\" sizes=\"auto, (max-width: 300px) 100vw, 300px\" \/><\/a>\n\t\t\t<\/div><\/figure><figure class='gallery-item'>\n\t\t\t<div class='gallery-icon landscape'>\n\t\t\t\t<a href='https:\/\/instituutit.fi\/sv\/institut\/finlandsinstitutet-i-tyskland\/_dsc9549-3-2\/'><img loading=\"lazy\" decoding=\"async\" width=\"300\" height=\"300\" src=\"https:\/\/instituutit.fi\/hallinta\/wp-content\/uploads\/2024\/07\/DSC9549-3-300x300.jpg\" class=\"attachment-thumbnail size-thumbnail\" alt=\"\" srcset=\"https:\/\/instituutit.fi\/hallinta\/wp-content\/uploads\/2024\/07\/DSC9549-3-300x300.jpg 300w, https:\/\/instituutit.fi\/hallinta\/wp-content\/uploads\/2024\/07\/DSC9549-3-335x335.jpg 335w\" sizes=\"auto, (max-width: 300px) 100vw, 300px\" \/><\/a>\n\t\t\t<\/div><\/figure><figure class='gallery-item'>\n\t\t\t<div class='gallery-icon landscape'>\n\t\t\t\t<a href='https:\/\/instituutit.fi\/sv\/institut\/finlandsinstitutet-i-tyskland\/_dsc9487-2\/'><img loading=\"lazy\" decoding=\"async\" width=\"300\" height=\"300\" src=\"https:\/\/instituutit.fi\/hallinta\/wp-content\/uploads\/2024\/07\/DSC9487-300x300.jpg\" class=\"attachment-thumbnail size-thumbnail\" alt=\"\" srcset=\"https:\/\/instituutit.fi\/hallinta\/wp-content\/uploads\/2024\/07\/DSC9487-300x300.jpg 300w, https:\/\/instituutit.fi\/hallinta\/wp-content\/uploads\/2024\/07\/DSC9487-335x335.jpg 335w\" sizes=\"auto, (max-width: 300px) 100vw, 300px\" \/><\/a>\n\t\t\t<\/div><\/figure>\n\t\t<\/div>\n\n","protected":false},"excerpt":{"rendered":"<p>Finlandsinstitutet i Tyskland skapar n\u00e4tverk och fungerar som r\u00e5dgivare f\u00f6r olika akt\u00f6rer inom kultur och vetenskap. Institutet erbjuder tillsammans med sina samarbetsparter ett m\u00e5ngsidigt programutbud f\u00f6r kultur- och samh\u00e4llsintresserade. V\u00e5r centrala uppgift \u00e4r att f\u00f6ra samman experter fr\u00e5n tyskspr\u00e5kiga Europa och Finland och d\u00e4rmed fr\u00e4mja l\u00e5ngvariga samarbetsf\u00f6rh\u00e5llanden samt dialogen. Inom ramen f\u00f6r olika projekt samarbetar [&hellip;]<\/p>\n","protected":false},"author":1,"featured_media":7403,"parent":2011,"menu_order":0,"comment_status":"closed","ping_status":"open","template":"page-instituutti.php","meta":{"_acf_changed":false,"footnotes":""},"class_list":["post-2087","page","type-page","status-publish","has-post-thumbnail","hentry"],"acf":[],"_links":{"self":[{"href":"https:\/\/instituutit.fi\/sv\/wp-json\/wp\/v2\/pages\/2087","targetHints":{"allow":["GET"]}}],"collection":[{"href":"https:\/\/instituutit.fi\/sv\/wp-json\/wp\/v2\/pages"}],"about":[{"href":"https:\/\/instituutit.fi\/sv\/wp-json\/wp\/v2\/types\/page"}],"author":[{"embeddable":true,"href":"https:\/\/instituutit.fi\/sv\/wp-json\/wp\/v2\/users\/1"}],"replies":[{"embeddable":true,"href":"https:\/\/instituutit.fi\/sv\/wp-json\/wp\/v2\/comments?post=2087"}],"version-history":[{"count":10,"href":"https:\/\/instituutit.fi\/sv\/wp-json\/wp\/v2\/pages\/2087\/revisions"}],"predecessor-version":[{"id":8727,"href":"https:\/\/instituutit.fi\/sv\/wp-json\/wp\/v2\/pages\/2087\/revisions\/8727"}],"up":[{"embeddable":true,"href":"https:\/\/instituutit.fi\/sv\/wp-json\/wp\/v2\/pages\/2011"}],"wp:featuredmedia":[{"embeddable":true,"href":"https:\/\/instituutit.fi\/sv\/wp-json\/wp\/v2\/media\/7403"}],"wp:attachment":[{"href":"https:\/\/instituutit.fi\/sv\/wp-json\/wp\/v2\/media?parent=2087"}],"curies":[{"name":"wp","href":"https:\/\/api.w.org\/{rel}","templated":true}]}}