{"id":2084,"date":"2015-09-01T17:53:00","date_gmt":"2015-09-01T14:53:00","guid":{"rendered":"http:\/\/instituutitfi.virtualserver19.nebula.fi\/?page_id=2084"},"modified":"2024-07-04T12:34:23","modified_gmt":"2024-07-04T09:34:23","slug":"suomen-benelux-instituutti","status":"publish","type":"page","link":"https:\/\/instituutit.fi\/sv\/institut\/suomen-benelux-instituutti\/","title":{"rendered":"Finlands Beneluxinstitut"},"content":{"rendered":"<div>Finlands Beneluxinstitut fungerar som samarbetsorganisation mellan kulturakt\u00f6rer i Finland och Beneluxl\u00e4nderna, och fr\u00e4mjar finsk konstn\u00e4rlig verksamhet inom Beneluxregionen.<\/div>\n<div><\/div>\n<div>Institutet \u00e4r en sj\u00e4lvst\u00e4ndig och ideell organisation vars syfte \u00e4r att <b>skapa m\u00f6jligheter<\/b> f\u00f6r konstn\u00e4rer och organisationer att utveckla nya projekt och samarbetsformer. I samarbete med ett brett n\u00e4tverk av samarbetspartners producerar institutet ocks\u00e5 eget inneh\u00e5ll, som ofta ber\u00f6r aktuella samh\u00e4lleliga fr\u00e5gor. Institutet har som m\u00e5l att grunda <b>l\u00e5ngsiktiga samarbeten<\/b> mellan konstn\u00e4rer och \u00f6vriga kulturakt\u00f6rer, fr\u00e5n samtidskonst och scenkonst till litteratur, design, film och andra kreativa arbetsomr\u00e5den.<\/div>\n<div><\/div>\n<div>Institutet fr\u00e4mjar diversitet, tillg\u00e4nglighet och inklusivitet inom sin verksamhet, samt aktivt arbetar f\u00f6r r\u00e4ttvis praxis p\u00e5 kulturf\u00e4ltet. D\u00e4rtill st\u00f6der institutet internationell mobilitet och professionella kulturutbyten, och framst\u00e4ller arbetsmetoder som \u00e4r ekologiskt och socialt h\u00e5llbara.<\/div>\n<div><\/div>\n<div>Finlands Beneluxinstitut grundades 1993. Institutets kontor \u00e4r i Bryssel, <b>mitt i Europeiska Unionens hj\u00e4rta<\/b>, vilket inneb\u00e4r att institutet har en unik position att p\u00e5verka europeiska publiker och best\u00e4mmelser. Finlands Beneluxinstitut uppr\u00e4tth\u00e5lls av Stiftelsen f\u00f6r Finlands institut i Benelux.<\/div>\n","protected":false},"excerpt":{"rendered":"<p>Finlands Beneluxinstitut fungerar som samarbetsorganisation mellan kulturakt\u00f6rer i Finland och Beneluxl\u00e4nderna, och fr\u00e4mjar finsk konstn\u00e4rlig verksamhet inom Beneluxregionen. Institutet \u00e4r en sj\u00e4lvst\u00e4ndig och ideell organisation vars syfte \u00e4r att skapa m\u00f6jligheter f\u00f6r konstn\u00e4rer och organisationer att utveckla nya projekt och samarbetsformer. I samarbete med ett brett n\u00e4tverk av samarbetspartners producerar institutet ocks\u00e5 eget inneh\u00e5ll, som [&hellip;]<\/p>\n","protected":false},"author":1,"featured_media":7438,"parent":2011,"menu_order":0,"comment_status":"closed","ping_status":"open","template":"page-instituutti.php","meta":{"_acf_changed":false,"footnotes":""},"class_list":["post-2084","page","type-page","status-publish","has-post-thumbnail","hentry"],"acf":[],"_links":{"self":[{"href":"https:\/\/instituutit.fi\/sv\/wp-json\/wp\/v2\/pages\/2084","targetHints":{"allow":["GET"]}}],"collection":[{"href":"https:\/\/instituutit.fi\/sv\/wp-json\/wp\/v2\/pages"}],"about":[{"href":"https:\/\/instituutit.fi\/sv\/wp-json\/wp\/v2\/types\/page"}],"author":[{"embeddable":true,"href":"https:\/\/instituutit.fi\/sv\/wp-json\/wp\/v2\/users\/1"}],"replies":[{"embeddable":true,"href":"https:\/\/instituutit.fi\/sv\/wp-json\/wp\/v2\/comments?post=2084"}],"version-history":[{"count":10,"href":"https:\/\/instituutit.fi\/sv\/wp-json\/wp\/v2\/pages\/2084\/revisions"}],"predecessor-version":[{"id":7443,"href":"https:\/\/instituutit.fi\/sv\/wp-json\/wp\/v2\/pages\/2084\/revisions\/7443"}],"up":[{"embeddable":true,"href":"https:\/\/instituutit.fi\/sv\/wp-json\/wp\/v2\/pages\/2011"}],"wp:featuredmedia":[{"embeddable":true,"href":"https:\/\/instituutit.fi\/sv\/wp-json\/wp\/v2\/media\/7438"}],"wp:attachment":[{"href":"https:\/\/instituutit.fi\/sv\/wp-json\/wp\/v2\/media?parent=2084"}],"curies":[{"name":"wp","href":"https:\/\/api.w.org\/{rel}","templated":true}]}}