{"id":2025,"date":"2015-02-11T16:13:50","date_gmt":"2015-02-11T13:13:50","guid":{"rendered":"http:\/\/instituutitfi.virtualserver19.nebula.fi\/?page_id=2025"},"modified":"2026-02-18T16:43:03","modified_gmt":"2026-02-18T13:43:03","slug":"info-2","status":"publish","type":"page","link":"https:\/\/instituutit.fi\/sv\/info-2\/","title":{"rendered":"Om oss"},"content":{"rendered":"<p>Finlands kultur- och vetenskapsinstitut fr\u00e4mjar internationell mobilitet, synlighet och samarbete inom finl\u00e4ndsk konst, kultur och vetenskap.<\/p>\n<h2><strong>Finlands kultur- och vetenskapsinstitut \u00e4r<\/strong><\/h2>\n<ul>\n<li>medborgarorganisationer som fr\u00e4mjar internationellt samarbete mellan konst-, kultur-, forsknings- och vetenskapsorganisationer<\/li>\n<li>sakkunnigorganisationer som \u00f6kar k\u00e4nnedomen om finl\u00e4ndsk kultur, vetenskap och det finl\u00e4ndska samh\u00e4llet utomlands<\/li>\n<li>sj\u00e4lvst\u00e4ndiga allm\u00e4nnyttiga sakkunnigorganisationer som uppr\u00e4tth\u00e5lls av en privat stiftelse eller fond\n<ul>\n<li style=\"list-style-type: none;\"><\/li>\n<\/ul>\n<\/li>\n<\/ul>\n<h2><strong>Vad g\u00f6r kultur- och vetenskapsinstituten?<\/strong><\/h2>\n<ul>\n<li>skapar och uppr\u00e4tth\u00e5ller internationella samarbetsn\u00e4tverk som \u00e4r till nytta f\u00f6r dem som arbetar med konst, kultur och vetenskap<\/li>\n<li>producerar evenemang, utst\u00e4llningar, seminarier och annat program<\/li>\n<li>uppr\u00e4tth\u00e5ller mobilitets- och residensprogram f\u00f6r konstn\u00e4rer och forskare<\/li>\n<li>bedriver vetenskaplig forskning<\/li>\n<li>st\u00f6der finl\u00e4ndska kulturut\u00f6vares och forskares internationella verksamhet och arbetsm\u00f6jligheter<\/li>\n<li>\u00f6kar k\u00e4nnedomen om finl\u00e4ndsk kultur, vetenskap och det finl\u00e4ndska samh\u00e4llet utomlands<\/li>\n<li>samarbetar inom <a href=\"https:\/\/www.team-finland.fi\/sv\/\">Team Finland<\/a> -n\u00e4tverket med de finska ambassaderna och andra finska organisationer p\u00e5 stationeringsorten och samarbetar med \u00f6vriga europeiska kulturinstitut inom<a href=\"https:\/\/www.eunicglobal.eu\"> EUNIC<\/a>-n\u00e4tverket<\/li>\n<\/ul>\n<p dir=\"ltr\">Varje institut har ett fastlaget syfte f\u00f6r sin verksamhet, men n\u00e4tverket som best\u00e5r av de 17 instituten, deras bakgrundsorganisationer och SKTI utvecklas st\u00e4ndigt. Gemensamma fysiska och virtuella m\u00f6ten och en st\u00e4ndigt p\u00e5g\u00e5ende intern dialog st\u00f6der utvecklingsarbetet. Under 2026 arbetar vi internt inom n\u00e4tverket bl.a. med att ta fram ekologiskt h\u00e5llbara verksamhetsmodeller f\u00f6r instituten, med att aktivare \u00e4n tidigare fr\u00e4mja likabehandling och m\u00e5ngfald i institutens arbete och med att utveckla institutens administration.<\/p>\n<p dir=\"ltr\">Ladda ner de Finlands kultur- och vetenskapsinstituts m\u00e5len inf\u00f6r riksdagsvalet 2023 <a href=\"https:\/\/instituutit.fi\/hallinta\/wp-content\/uploads\/2023\/01\/Vaalitavoitteet_presentaatioA4_SVE.pdf\">h\u00e4r<\/a>.<\/p>\n<p>Du kan bekanta dig med institutn\u00e4tverkets\u00a0gemensamma ekoguide <a href=\"https:\/\/instituutit.fi\/sv\/ekoguide-for-finlands-kultur-och-vetenskapsinstitut\/\">h\u00e4r<\/a>.<\/p>\n<p dir=\"ltr\">Finlands kultur- och vetenskapsinstitut mots\u00e4tter sig rasism och diskriminering. Vi fr\u00e4mjar j\u00e4mlikhet och m\u00e5ngfald inom finl\u00e4ndsk kultur globalt och underst\u00f6der j\u00e4mst\u00e4lldhet inom forskning och vetenskap.<\/p>\n<p>Institutens och Finlands kultur- och vetenskapsinstitut rf:s basfinansiering kommer fr\u00e5n undervisnings- och kulturministeriet i Finland. Instituten f\u00e5r till\u00e4ggsfinansiering f\u00f6r sina projekt bland annat fr\u00e5n stiftelser som st\u00f6der vetenskap och kultur, fr\u00e5n f\u00f6retag och fr\u00e5n \u00f6vriga inhemska och utl\u00e4ndska samarbetspartners. I hemlandet har instituten n\u00e4ra samarbete med informationscentren f\u00f6r konst och organisationer inom kulturexport samt inom vetenskapsv\u00e4rlden med universitet och h\u00f6gskolor<\/p>\n<hr \/>\n<p>Finlands kultur- och vetenskapsinstitut rf (SKTI) med kontor i Helsingfors \u00e4r samarbetsorgan f\u00f6r instituten och deras bakgrundsorganisationer. F\u00f6reningen bist\u00e5r instituten med kommunikation i hemlandet, intressebevakning och erbjuder dem administrativa tj\u00e4nster.<\/p>\n<p>F\u00f6reningens styrelsemedlemmar representerar institutens bakgrundsorganisationer eller institutens personal. Styrelsemedlemmarna \u00e4r ordf\u00f6rande <strong>Pirita N\u00e4kk\u00e4l\u00e4j\u00e4rvi<\/strong>, <strong>Fatim Diarra<\/strong>, <strong>Leif Jakobsson<\/strong>, <strong>Aleksi Malmberg<\/strong>, <strong>Eeva Talvitie<\/strong> och <strong>Mikko Myllykoski<\/strong>. Suppleanter \u00e4r <strong>Hanna Snellman<\/strong> och <strong>Sani Kontula-Webb<\/strong>. Styrelsemedlemmarnas mandatperiod \u00e4r tre \u00e5r med m\u00f6jlighet till f\u00f6rl\u00e4ngning f\u00f6r ytterligare tre \u00e5r.<\/p>\n<p>&nbsp;<\/p>\n","protected":false},"excerpt":{"rendered":"<p>Finlands kultur- och vetenskapsinstitut fr\u00e4mjar internationell mobilitet, synlighet och samarbete inom finl\u00e4ndsk konst, kultur och vetenskap. Finlands kultur- och vetenskapsinstitut \u00e4r medborgarorganisationer som fr\u00e4mjar internationellt samarbete mellan konst-, kultur-, forsknings- och vetenskapsorganisationer sakkunnigorganisationer som \u00f6kar k\u00e4nnedomen om finl\u00e4ndsk kultur, vetenskap och det finl\u00e4ndska samh\u00e4llet utomlands sj\u00e4lvst\u00e4ndiga allm\u00e4nnyttiga sakkunnigorganisationer som uppr\u00e4tth\u00e5lls av en privat stiftelse eller [&hellip;]<\/p>\n","protected":false},"author":1,"featured_media":0,"parent":0,"menu_order":0,"comment_status":"closed","ping_status":"open","template":"","meta":{"_acf_changed":false,"footnotes":""},"class_list":["post-2025","page","type-page","status-publish","hentry"],"acf":[],"_links":{"self":[{"href":"https:\/\/instituutit.fi\/sv\/wp-json\/wp\/v2\/pages\/2025","targetHints":{"allow":["GET"]}}],"collection":[{"href":"https:\/\/instituutit.fi\/sv\/wp-json\/wp\/v2\/pages"}],"about":[{"href":"https:\/\/instituutit.fi\/sv\/wp-json\/wp\/v2\/types\/page"}],"author":[{"embeddable":true,"href":"https:\/\/instituutit.fi\/sv\/wp-json\/wp\/v2\/users\/1"}],"replies":[{"embeddable":true,"href":"https:\/\/instituutit.fi\/sv\/wp-json\/wp\/v2\/comments?post=2025"}],"version-history":[{"count":20,"href":"https:\/\/instituutit.fi\/sv\/wp-json\/wp\/v2\/pages\/2025\/revisions"}],"predecessor-version":[{"id":9055,"href":"https:\/\/instituutit.fi\/sv\/wp-json\/wp\/v2\/pages\/2025\/revisions\/9055"}],"wp:attachment":[{"href":"https:\/\/instituutit.fi\/sv\/wp-json\/wp\/v2\/media?parent=2025"}],"curies":[{"name":"wp","href":"https:\/\/api.w.org\/{rel}","templated":true}]}}