{"id":2021,"date":"2015-02-11T16:06:05","date_gmt":"2015-02-11T13:06:05","guid":{"rendered":"http:\/\/instituutitfi.virtualserver19.nebula.fi\/?page_id=2021"},"modified":"2024-09-23T13:32:17","modified_gmt":"2024-09-23T10:32:17","slug":"etusivu-pa-svenska","status":"publish","type":"page","link":"https:\/\/instituutit.fi\/sv\/","title":{"rendered":"Hem"},"content":{"rendered":"<p>Finland har 17 kultur- och vetenskapsinstitut runtom i v\u00e4rlden. Instituten fr\u00e4mjar internationell mobilitet, synlighet och samarbete inom finl\u00e4ndsk konst, kultur och vetenskap. Finlands kultur- och vetenskapsinstitut rf (SKTI) koordinerar och utvecklar samarbetet instituten emellan och erbjuder dem administrativa tj\u00e4nster och fortbildning. SKTI bist\u00e5r instituten med intressebevakning och kommunikation i hemlandet.<\/p>\n","protected":false},"excerpt":{"rendered":"<p>Finland har 17 kultur- och vetenskapsinstitut runtom i v\u00e4rlden. Instituten fr\u00e4mjar internationell mobilitet, synlighet och samarbete inom finl\u00e4ndsk konst, kultur och vetenskap. Finlands kultur- och vetenskapsinstitut rf (SKTI) koordinerar och utvecklar samarbetet instituten emellan och erbjuder dem administrativa tj\u00e4nster och fortbildning. SKTI bist\u00e5r instituten med intressebevakning och kommunikation i hemlandet.<\/p>\n","protected":false},"author":1,"featured_media":8263,"parent":0,"menu_order":0,"comment_status":"closed","ping_status":"open","template":"page-frontpage.php","meta":{"_acf_changed":false,"footnotes":""},"class_list":["post-2021","page","type-page","status-publish","has-post-thumbnail","hentry"],"acf":[],"_links":{"self":[{"href":"https:\/\/instituutit.fi\/sv\/wp-json\/wp\/v2\/pages\/2021","targetHints":{"allow":["GET"]}}],"collection":[{"href":"https:\/\/instituutit.fi\/sv\/wp-json\/wp\/v2\/pages"}],"about":[{"href":"https:\/\/instituutit.fi\/sv\/wp-json\/wp\/v2\/types\/page"}],"author":[{"embeddable":true,"href":"https:\/\/instituutit.fi\/sv\/wp-json\/wp\/v2\/users\/1"}],"replies":[{"embeddable":true,"href":"https:\/\/instituutit.fi\/sv\/wp-json\/wp\/v2\/comments?post=2021"}],"version-history":[{"count":18,"href":"https:\/\/instituutit.fi\/sv\/wp-json\/wp\/v2\/pages\/2021\/revisions"}],"predecessor-version":[{"id":7644,"href":"https:\/\/instituutit.fi\/sv\/wp-json\/wp\/v2\/pages\/2021\/revisions\/7644"}],"wp:featuredmedia":[{"embeddable":true,"href":"https:\/\/instituutit.fi\/sv\/wp-json\/wp\/v2\/media\/8263"}],"wp:attachment":[{"href":"https:\/\/instituutit.fi\/sv\/wp-json\/wp\/v2\/media?parent=2021"}],"curies":[{"name":"wp","href":"https:\/\/api.w.org\/{rel}","templated":true}]}}