{"id":2017,"date":"2015-02-01T18:17:33","date_gmt":"2015-02-01T15:17:33","guid":{"rendered":"http:\/\/instituutitfi.virtualserver19.nebula.fi\/?page_id=2017"},"modified":"2024-07-04T10:57:34","modified_gmt":"2024-07-04T07:57:34","slug":"finlandsinstitutet-i-stockholm","status":"publish","type":"page","link":"https:\/\/instituutit.fi\/sv\/institut\/finlandsinstitutet-i-stockholm\/","title":{"rendered":"Finlandsinstitutet i Stockholm"},"content":{"rendered":"<p style=\"font-weight: 400;\">Finlandsinstitutets uppdrag \u00e4r att g\u00f6ra finl\u00e4ndsk konst och kultur k\u00e4nd i Sverige, \u00f6ka den kulturella v\u00e4xelverkan och samh\u00e4lls- och forskningsdialogen mellan l\u00e4nderna, samt fr\u00e4mja den sverigefinl\u00e4ndska kulturen.<\/p>\n<p style=\"font-weight: 400;\">Institutets m\u00e5ngsidiga program omfattar utst\u00e4llningar, konserter, f\u00f6rfattarbes\u00f6k, filmvisningar och g\u00e4stspel med finskspr\u00e5kig barnteater. Finsk film distribueras genom institutets kulturf\u00f6rmedling till drygt 80 kommuner i Sverige. P\u00e5 samh\u00e4llsseminarierna diskuteras bl.a. gemensamma framtidsutmaningar som Sverige och Finland st\u00e5r inf\u00f6r, ss. h\u00e5llbarhets- och energifr\u00e5gor, utbildning och beredskap. Finlandsinstitutet ordnar \u00e4ven kurser i finska p\u00e5 sju-\u00e5tta olika niv\u00e5er samt skr\u00e4ddarsyr kurser i finska f\u00f6r personal i den svenska kommunsektorn.<\/p>\n<p style=\"font-weight: 400;\">Finlandsinstitutets bibliotek \u00e4r Sveriges enda finskspr\u00e5kiga bibliotek och ett av Stockholms \u00e4ldsta, grundat redan \u00e5r 1894. H\u00e4r finns 19 000 band finsk- och svenskspr\u00e5kig litteratur, ett hundratal tidningar och tidskrifter och annan media, som t.ex. ljudb\u00f6cker samt e-b\u00f6cker.<\/p>\n<p style=\"font-weight: 400;\">Institutet finns bel\u00e4get i centrala Stockholm vid <a href=\"https:\/\/www.google.com\/maps\/search\/Snickarbacken+4?entry=gmail&amp;source=g\">Snickarbacken 4<\/a>. Det blev kulturinstitut \u00e5r 1995 som forts\u00e4ttning p\u00e5 f\u00f6reg\u00e5ngaren Finlandshusstiftelsens verksamhet. Institutet uppr\u00e4tth\u00e5lls av svenskregistrerade Stiftelsen Finlands Kulturinstitut i Sverige, med representanter fr\u00e5n b\u00e5de Finland och Sverige i styrelsen.<\/p>\n","protected":false},"excerpt":{"rendered":"<p>Finlandsinstitutets uppdrag \u00e4r att g\u00f6ra finl\u00e4ndsk konst och kultur k\u00e4nd i Sverige, \u00f6ka den kulturella v\u00e4xelverkan och samh\u00e4lls- och forskningsdialogen mellan l\u00e4nderna, samt fr\u00e4mja den sverigefinl\u00e4ndska kulturen. Institutets m\u00e5ngsidiga program omfattar utst\u00e4llningar, konserter, f\u00f6rfattarbes\u00f6k, filmvisningar och g\u00e4stspel med finskspr\u00e5kig barnteater. Finsk film distribueras genom institutets kulturf\u00f6rmedling till drygt 80 kommuner i Sverige. P\u00e5 samh\u00e4llsseminarierna diskuteras [&hellip;]<\/p>\n","protected":false},"author":1,"featured_media":7382,"parent":2011,"menu_order":0,"comment_status":"closed","ping_status":"open","template":"page-instituutti.php","meta":{"_acf_changed":false,"footnotes":""},"class_list":["post-2017","page","type-page","status-publish","has-post-thumbnail","hentry"],"acf":[],"_links":{"self":[{"href":"https:\/\/instituutit.fi\/sv\/wp-json\/wp\/v2\/pages\/2017","targetHints":{"allow":["GET"]}}],"collection":[{"href":"https:\/\/instituutit.fi\/sv\/wp-json\/wp\/v2\/pages"}],"about":[{"href":"https:\/\/instituutit.fi\/sv\/wp-json\/wp\/v2\/types\/page"}],"author":[{"embeddable":true,"href":"https:\/\/instituutit.fi\/sv\/wp-json\/wp\/v2\/users\/1"}],"replies":[{"embeddable":true,"href":"https:\/\/instituutit.fi\/sv\/wp-json\/wp\/v2\/comments?post=2017"}],"version-history":[{"count":11,"href":"https:\/\/instituutit.fi\/sv\/wp-json\/wp\/v2\/pages\/2017\/revisions"}],"predecessor-version":[{"id":7385,"href":"https:\/\/instituutit.fi\/sv\/wp-json\/wp\/v2\/pages\/2017\/revisions\/7385"}],"up":[{"embeddable":true,"href":"https:\/\/instituutit.fi\/sv\/wp-json\/wp\/v2\/pages\/2011"}],"wp:featuredmedia":[{"embeddable":true,"href":"https:\/\/instituutit.fi\/sv\/wp-json\/wp\/v2\/media\/7382"}],"wp:attachment":[{"href":"https:\/\/instituutit.fi\/sv\/wp-json\/wp\/v2\/media?parent=2017"}],"curies":[{"name":"wp","href":"https:\/\/api.w.org\/{rel}","templated":true}]}}