{"id":8406,"date":"2025-05-27T14:50:22","date_gmt":"2025-05-27T11:50:22","guid":{"rendered":"https:\/\/instituutit.fi\/?page_id=8406"},"modified":"2025-05-27T14:50:22","modified_gmt":"2025-05-27T11:50:22","slug":"henna-riikka-salonen-lila-zoe-kraus-not-yet-yours-to-imagine","status":"publish","type":"page","link":"https:\/\/instituutit.fi\/en\/what-is-partir-project\/projects\/henna-riikka-salonen-lila-zoe-kraus-not-yet-yours-to-imagine\/","title":{"rendered":"Henna-Riikka Salonen &#038; Lila-Zo\u00e9 Krau\u00df: not yet yours to imagine"},"content":{"rendered":"<h1>Henna-Riikka Salonen &amp; Lila-Zo\u00e9 Krau\u00df: not yet yours to imagine<\/h1>\n<p><strong>EXHIBITION <em><span class=\"TextRun SCXW170492885 BCX8\" lang=\"EN-US\" xml:lang=\"EN-US\" data-contrast=\"none\"><span class=\"NormalTextRun SCXW170492885 BCX8\">not yet yours to imagine<\/span><\/span><\/em><\/strong><\/p>\n<p><b><span data-contrast=\"none\">with<\/span><\/b><span data-contrast=\"none\"> Henna-Riikka Halonen and Lila-Zo\u00e9 Krau\u00df<\/span><br \/>\n<b><span data-contrast=\"none\">curated by<\/span><\/b><span data-contrast=\"none\"> Mirjami Schuppert and Pia Wamsler <\/span><\/p>\n<p><b><span data-contrast=\"none\">Exhibition duration: 08.05. \u2013 28.06.2025<\/span><\/b><span data-ccp-props=\"{}\">\u00a0<\/span><\/p>\n<p><span data-contrast=\"none\">Sound swirling up the staircase, seeping through the dividing walls, occupying the yard, bleeding into the urban space. Images shifting between perspectives, pulling visitors into a scene where time loops, identities blur, and the boundaries between dream and reality dissolve. In <\/span><i><span data-contrast=\"none\">not yet yours to imagine<\/span><\/i><span data-contrast=\"none\">, the Finnish artist <strong>Henna-Riikka Halonen<\/strong> and the German, Austria-based artist<strong> Lila-Zo\u00e9 Krau\u00df<\/strong> present <\/span><i><span data-contrast=\"none\">Buoyant Force<\/span><\/i><span data-contrast=\"none\"> and <\/span><i><span data-contrast=\"none\">Dream I: [Matrix]<\/span><\/i><span data-contrast=\"none\">.<\/span><span data-ccp-props=\"{}\">\u00a0<\/span><\/p>\n<p><span data-contrast=\"none\">In the world emerging in Henna-Riikka Halonen\u2019s <\/span><i><span data-contrast=\"none\">Buoyant Force<\/span><\/i><span data-contrast=\"none\">, technology seeps into everything, forming a porous, flooded environment. Audio work spreads across the gallery front garden and spiral staircase, combined with sculptural elements and digital paintings printed on fabric, creating a digital realm, dissolving the boundaries of reality, turning it into a space of liquidity. Within this shifting rhythm, images and sounds flow seamlessly between living bodies and technological devices, merging and transforming.<\/span><span data-ccp-props=\"{&quot;335559738&quot;:240,&quot;335559739&quot;:240}\">\u00a0<\/span><\/p>\n<p><span data-contrast=\"none\">In Lila-Zo\u00e9 Krau\u00df\u2019s <\/span><i><span data-contrast=\"none\">Dream I: [Matrix]<\/span><\/i><span data-contrast=\"none\">, visitors step into a fragmented reality, drifting between presence and illusion. A two-channel video installation unfolds in the room, dissolving the boundary between screen and space. The scene is part of the multimedia opera <\/span><i><span data-contrast=\"none\">[After Her Destruction]<\/span><\/i><span data-contrast=\"none\">, in which the protagonist Girl uses a computer program to travel through her mind. In the fleeting encounter with two strangers, a conversation unfolds in a salon-like setting, reminiscent of a chamber play. The more they exchange, the less unclear it seems who is dreaming and who is being dreamed.<\/span><span data-ccp-props=\"{}\">\u00a0<\/span><\/p>\n<p><span data-contrast=\"none\">The works tell stories of worlds that might have been in the past, potentially exist in the present, or maybe are yet to come. These worlds created with the tools borrowed from speculative fiction are fragmented, layered and polyphonic. They are flooded with impressions and impulses, creating spaces where different temporalities \u2013 various presents, also those that have already passed and the ones to come in the future, may linger. Simultaneously, they are pregnant with potential, the potential that was never fulfilled, potential waiting for fulfilment, those without the prospect of it ever being achieved.<\/span><span data-ccp-props=\"{}\">\u00a0<\/span><\/p>\n<p><span data-contrast=\"none\">The fictive narratives of Halonen\u2019s and Krau\u00df\u2019s works create spaces that invite to listen attentively, listen to the muted voices and stories they have to tell. These speculative spaces don\u2019t accept linear, singular truths, but hint at concurrent narratives, or fragments of narratives, holding space for alternative ways of existing and subtly building sites of resistance.<\/span><span data-ccp-props=\"{}\">\u00a0<\/span><\/p>\n<p><span data-contrast=\"none\">The project is created in collaboration with the Finnland-Institut and is part of the <a href=\"https:\/\/instituutit.fi\/en\/what-is-partir-project\/\">pARTir initiative<\/a> funded by the European Union \u2013 NextGenerationEU.<\/span><\/p>\n<p><img loading=\"lazy\" decoding=\"async\" class=\"alignnone size-medium wp-image-7890\" src=\"https:\/\/instituutit.fi\/hallinta\/wp-content\/uploads\/2024\/11\/nextgeneu_en-450x135.jpg\" alt=\"\" width=\"450\" height=\"135\" srcset=\"https:\/\/instituutit.fi\/hallinta\/wp-content\/uploads\/2024\/11\/nextgeneu_en-450x135.jpg 450w, https:\/\/instituutit.fi\/hallinta\/wp-content\/uploads\/2024\/11\/nextgeneu_en-690x206.jpg 690w, https:\/\/instituutit.fi\/hallinta\/wp-content\/uploads\/2024\/11\/nextgeneu_en-768x230.jpg 768w, https:\/\/instituutit.fi\/hallinta\/wp-content\/uploads\/2024\/11\/nextgeneu_en.jpg 1100w\" sizes=\"auto, (max-width: 450px) 100vw, 450px\" \/><\/p>\n","protected":false},"excerpt":{"rendered":"<p>Henna-Riikka Salonen &amp; Lila-Zo\u00e9 Krau\u00df: not yet yours to imagine EXHIBITION not yet yours to imagine with Henna-Riikka Halonen and Lila-Zo\u00e9 Krau\u00df curated by Mirjami Schuppert and Pia Wamsler Exhibition duration: 08.05. \u2013 28.06.2025\u00a0 Sound swirling up the staircase, seeping through the dividing walls, occupying the yard, bleeding into the urban space. Images shifting between [&hellip;]<\/p>\n","protected":false},"author":9,"featured_media":8401,"parent":7049,"menu_order":0,"comment_status":"closed","ping_status":"closed","template":"page-partir-alasivut.php","meta":{"_acf_changed":false,"footnotes":""},"class_list":["post-8406","page","type-page","status-publish","has-post-thumbnail","hentry"],"acf":[],"_links":{"self":[{"href":"https:\/\/instituutit.fi\/en\/wp-json\/wp\/v2\/pages\/8406","targetHints":{"allow":["GET"]}}],"collection":[{"href":"https:\/\/instituutit.fi\/en\/wp-json\/wp\/v2\/pages"}],"about":[{"href":"https:\/\/instituutit.fi\/en\/wp-json\/wp\/v2\/types\/page"}],"author":[{"embeddable":true,"href":"https:\/\/instituutit.fi\/en\/wp-json\/wp\/v2\/users\/9"}],"replies":[{"embeddable":true,"href":"https:\/\/instituutit.fi\/en\/wp-json\/wp\/v2\/comments?post=8406"}],"version-history":[{"count":1,"href":"https:\/\/instituutit.fi\/en\/wp-json\/wp\/v2\/pages\/8406\/revisions"}],"predecessor-version":[{"id":8407,"href":"https:\/\/instituutit.fi\/en\/wp-json\/wp\/v2\/pages\/8406\/revisions\/8407"}],"up":[{"embeddable":true,"href":"https:\/\/instituutit.fi\/en\/wp-json\/wp\/v2\/pages\/7049"}],"wp:featuredmedia":[{"embeddable":true,"href":"https:\/\/instituutit.fi\/en\/wp-json\/wp\/v2\/media\/8401"}],"wp:attachment":[{"href":"https:\/\/instituutit.fi\/en\/wp-json\/wp\/v2\/media?parent=8406"}],"curies":[{"name":"wp","href":"https:\/\/api.w.org\/{rel}","templated":true}]}}