{"id":7799,"date":"2024-07-30T19:20:24","date_gmt":"2024-07-30T16:20:24","guid":{"rendered":"https:\/\/instituutit.fi\/?page_id=7799"},"modified":"2024-10-30T21:04:54","modified_gmt":"2024-10-30T18:04:54","slug":"indigenous-drag-excellence-xxl-2","status":"publish","type":"page","link":"https:\/\/instituutit.fi\/en\/what-is-partir-project\/projects\/indigenous-drag-excellence-xxl-2\/","title":{"rendered":"Indigenous Drag Excellence XXL"},"content":{"rendered":"<div class=\"article-free-text large-8 large-offset-2\">\n<h1><strong>Indigenous Drag Excellence XXL<br \/>\n<\/strong><\/h1>\n<p><strong>July 13th, 2024<br \/>\n<\/strong><\/p>\n<p><strong>FINNO and FCINY (Finnish Cultural Institute in New York) are supporting the production of <em>Indigenous Drag Excellence XXL<\/em> commissioned for Riddu Ri\u0111\u0111u Festival in S\u00e1pmi.\u00a0The project brings together artists from Australia, Canada, and the Finnish side of S\u00e1pmi.\u00a0<\/strong><\/p>\n<p>For the first time in history, the world will have the chance to experience a drag show at a S\u00e1mi festival. Through the commissioned work <em>Indigenous Drag Excellence XXL<\/em>, the international Indigenous people\u2019s festival Riddu Ri\u0111\u0111u has assembled four Indigenous drag artists from different parts of the world to create a drag show for the main stage.<\/p>\n<p>Drag queen <strong>Feather Talia<\/strong> and drag king <strong>Randy Rive<\/strong>r from Winnipeg, Canada, S\u00e1mi drag king <strong>Ritni Tears<\/strong> from the Finnish side of S\u00e1pmi, and M\u0101ori drag queen<strong> Aunty Tamara<\/strong> from Australia are ready to perform on the main stage at Riddu-sletta on Saturday, July 13th, to showcase what they have been working on for the past six months.<\/p>\n<p>Drag is an art form that plays with gender expression, where artists dress up in extravagant costumes and wear makeup either as drag kings or drag queens. Now, Riddu Ri\u0111\u0111u\u2019s audience will experience different Indigenous cultures interpreted through the art of drag.<\/p>\n<p>Festival director <strong>Sajje Solbakk<\/strong> is proud of this year\u2019s commissioned work:<\/p>\n<p>\u00abThis is one of my biggest dreams about to come true! A unique drag show with Indigenous drag artists on the main stage at Riddu Ri\u0111\u0111u. In little Olmm\u00e1iv\u00e1ggi. We have gathered a real star team to give our audience an experience they will not soon forget. What a dream, and what an experience this will be\u00bb,\u00a0 she says.<\/p>\n<p>At this year\u2019s festival, <a href=\"https:\/\/riddu.no\/en\">Riddu Ri\u0111\u0111u<\/a> has chosen to honor queer Indigenous people as this year\u2019s Northern People at the festival. The commissioned work Indigenous Drag Excellence XXL is one of several program elements under this year\u2019s Northern People project.<\/p>\n<p><em>Indigenous Drag Excellence XXL<\/em> is a collaboration with the Finnish Cultural Institute in New York and the Finnish-Norwegian Cultural Institute as part of the <a href=\"https:\/\/instituutit.fi\/en\/what-is-partir-project\/\" target=\"_blank\" rel=\"noopener\">pARTir initiative<\/a> funded by the EU \u2013 NextGenerationEU.<\/p>\n<p>Read more on the<a href=\"https:\/\/finno.no\/prosjekter\/indigenous-drag-excellence-xxl\/\"> project page<\/a>.<\/p>\n<p><img loading=\"lazy\" decoding=\"async\" class=\"alignnone size-medium wp-image-7100\" src=\"https:\/\/instituutit.fi\/hallinta\/wp-content\/uploads\/2024\/05\/EN-Funded-by-the-European-Union_POS1-450x116.jpg\" alt=\"\" width=\"450\" height=\"116\" srcset=\"https:\/\/instituutit.fi\/hallinta\/wp-content\/uploads\/2024\/05\/EN-Funded-by-the-European-Union_POS1-450x116.jpg 450w, https:\/\/instituutit.fi\/hallinta\/wp-content\/uploads\/2024\/05\/EN-Funded-by-the-European-Union_POS1-690x179.jpg 690w, https:\/\/instituutit.fi\/hallinta\/wp-content\/uploads\/2024\/05\/EN-Funded-by-the-European-Union_POS1-768x199.jpg 768w, https:\/\/instituutit.fi\/hallinta\/wp-content\/uploads\/2024\/05\/EN-Funded-by-the-European-Union_POS1-1536x397.jpg 1536w, https:\/\/instituutit.fi\/hallinta\/wp-content\/uploads\/2024\/05\/EN-Funded-by-the-European-Union_POS1-2048x530.jpg 2048w\" sizes=\"auto, (max-width: 450px) 100vw, 450px\" \/><\/p>\n<div id='gallery-1' class='gallery galleryid-7799 gallery-columns-3 gallery-size-thumbnail'><figure class='gallery-item'>\n\t\t\t<div class='gallery-icon landscape'>\n\t\t\t\t<a href='https:\/\/instituutit.fi\/en\/what-is-partir-project\/projects\/2-5\/'><img loading=\"lazy\" decoding=\"async\" width=\"300\" height=\"300\" src=\"https:\/\/instituutit.fi\/hallinta\/wp-content\/uploads\/2024\/07\/2-1-e1730305437571-300x300.png\" class=\"attachment-thumbnail size-thumbnail\" alt=\"\" srcset=\"https:\/\/instituutit.fi\/hallinta\/wp-content\/uploads\/2024\/07\/2-1-e1730305437571-300x300.png 300w, https:\/\/instituutit.fi\/hallinta\/wp-content\/uploads\/2024\/07\/2-1-e1730305437571-335x335.png 335w\" sizes=\"auto, (max-width: 300px) 100vw, 300px\" \/><\/a>\n\t\t\t<\/div><\/figure><figure class='gallery-item'>\n\t\t\t<div class='gallery-icon portrait'>\n\t\t\t\t<a href='https:\/\/instituutit.fi\/en\/what-is-partir-project\/projects\/3-4\/'><img loading=\"lazy\" decoding=\"async\" width=\"300\" height=\"300\" src=\"https:\/\/instituutit.fi\/hallinta\/wp-content\/uploads\/2024\/07\/3-1-300x300.png\" class=\"attachment-thumbnail size-thumbnail\" alt=\"\" srcset=\"https:\/\/instituutit.fi\/hallinta\/wp-content\/uploads\/2024\/07\/3-1-300x300.png 300w, https:\/\/instituutit.fi\/hallinta\/wp-content\/uploads\/2024\/07\/3-1-335x335.png 335w\" sizes=\"auto, (max-width: 300px) 100vw, 300px\" \/><\/a>\n\t\t\t<\/div><\/figure>\n\t\t<\/div>\n\n<\/div>\n","protected":false},"excerpt":{"rendered":"<p>Indigenous Drag Excellence XXL July 13th, 2024 FINNO and FCINY (Finnish Cultural Institute in New York) are supporting the production of Indigenous Drag Excellence XXL commissioned for Riddu Ri\u0111\u0111u Festival in S\u00e1pmi.\u00a0The project brings together artists from Australia, Canada, and the Finnish side of S\u00e1pmi.\u00a0 For the first time in history, the world will have [&hellip;]<\/p>\n","protected":false},"author":11,"featured_media":7486,"parent":7049,"menu_order":0,"comment_status":"closed","ping_status":"closed","template":"page-partir-alasivut.php","meta":{"_acf_changed":false,"footnotes":""},"class_list":["post-7799","page","type-page","status-publish","has-post-thumbnail","hentry"],"acf":[],"_links":{"self":[{"href":"https:\/\/instituutit.fi\/en\/wp-json\/wp\/v2\/pages\/7799","targetHints":{"allow":["GET"]}}],"collection":[{"href":"https:\/\/instituutit.fi\/en\/wp-json\/wp\/v2\/pages"}],"about":[{"href":"https:\/\/instituutit.fi\/en\/wp-json\/wp\/v2\/types\/page"}],"author":[{"embeddable":true,"href":"https:\/\/instituutit.fi\/en\/wp-json\/wp\/v2\/users\/11"}],"replies":[{"embeddable":true,"href":"https:\/\/instituutit.fi\/en\/wp-json\/wp\/v2\/comments?post=7799"}],"version-history":[{"count":6,"href":"https:\/\/instituutit.fi\/en\/wp-json\/wp\/v2\/pages\/7799\/revisions"}],"predecessor-version":[{"id":7801,"href":"https:\/\/instituutit.fi\/en\/wp-json\/wp\/v2\/pages\/7799\/revisions\/7801"}],"up":[{"embeddable":true,"href":"https:\/\/instituutit.fi\/en\/wp-json\/wp\/v2\/pages\/7049"}],"wp:featuredmedia":[{"embeddable":true,"href":"https:\/\/instituutit.fi\/en\/wp-json\/wp\/v2\/media\/7486"}],"wp:attachment":[{"href":"https:\/\/instituutit.fi\/en\/wp-json\/wp\/v2\/media?parent=7799"}],"curies":[{"name":"wp","href":"https:\/\/api.w.org\/{rel}","templated":true}]}}